{"id":34,"date":"2019-12-16T02:37:52","date_gmt":"2019-12-16T02:37:52","guid":{"rendered":"http:\/\/durham-rm.flywheelsites.com\/?page_id=34"},"modified":"2022-01-07T13:39:42","modified_gmt":"2022-01-07T17:39:42","slug":"auto-sales-storage","status":"publish","type":"page","link":"https:\/\/drmthriftstore.org\/es\/auto-sales-storage\/","title":{"rendered":"Auto Sales &#038; Storage"},"content":{"rendered":"<div data-elementor-type=\"wp-page\" data-elementor-id=\"34\" class=\"elementor elementor-34\" data-elementor-post-type=\"page\">\n\t\t\t\t\t\t<section class=\"elementor-section elementor-top-section elementor-element elementor-element-8674b4f elementor-section-boxed elementor-section-height-default elementor-section-height-default\" data-id=\"8674b4f\" data-element_type=\"section\">\n\t\t\t\t\t\t<div class=\"elementor-container elementor-column-gap-default\">\n\t\t\t\t\t<div class=\"elementor-column elementor-col-100 elementor-top-column elementor-element elementor-element-588a351\" data-id=\"588a351\" data-element_type=\"column\">\n\t\t\t<div class=\"elementor-widget-wrap elementor-element-populated\">\n\t\t\t\t\t\t<section class=\"elementor-section elementor-inner-section elementor-element elementor-element-67ba10b elementor-section-boxed elementor-section-height-default elementor-section-height-default\" data-id=\"67ba10b\" data-element_type=\"section\">\n\t\t\t\t\t\t<div class=\"elementor-container elementor-column-gap-default\">\n\t\t\t\t\t<div class=\"elementor-column elementor-col-50 elementor-inner-column elementor-element elementor-element-f1f1d17\" data-id=\"f1f1d17\" data-element_type=\"column\">\n\t\t\t<div class=\"elementor-widget-wrap elementor-element-populated\">\n\t\t\t\t\t\t<div class=\"elementor-element elementor-element-88822a3 elementor-widget elementor-widget-text-editor\" data-id=\"88822a3\" data-element_type=\"widget\" data-widget_type=\"text-editor.default\">\n\t\t\t\t<div class=\"elementor-widget-container\">\n\t\t\t\t\t\t\t\t\t<h2>AUTO SALES\u00a0<\/h2><p>Durham Rescue Mission Auto Sales abri\u00f3 en 2006. En octubre de 2010, ampliamos nuestra operaci\u00f3n para incluir el almacenamiento de botes y veh\u00edculos recreativos.<\/p><p>Hoy, Durham Rescue Mission Auto Sales &amp; Storage ofrece veh\u00edculos usados para la venta, as\u00ed como espacio de almacenamiento limitado para su autom\u00f3vil, bote o veh\u00edculo recreativo. Con mucho gusto aceptamos donaciones de autos usados de todo tipo.<\/p><h4>NO CAMBIE EN SU COCHE - \u00a1DONELO A LA MISI\u00d3N DE RESCATE DE DURHAM!<\/h4><p>If you\u2019re ready to trade in your car or interested in selling it for cash, consider donating it to the Durham Rescue Mission instead. Not only will you receive a tax deduction for your donation to our homeless shelter and urban rescue mission in the Raleigh-Durham area \u2014 you\u2019ll also receive the satisfaction that comes from knowing your vehicle donation is going to benefit the hungry and homeless men, women and children of the Triangle.<\/p><p>Donar un autom\u00f3vil a la Misi\u00f3n de Rescate de Durham es simple y sin complicaciones. P\u00f3ngase en contacto con la Misi\u00f3n hoy para obtener m\u00e1s informaci\u00f3n.<\/p><p>\u00a0<\/p>\t\t\t\t\t\t\t\t<\/div>\n\t\t\t\t<\/div>\n\t\t\t\t\t<\/div>\n\t\t<\/div>\n\t\t\t\t<div class=\"elementor-column elementor-col-50 elementor-inner-column elementor-element elementor-element-f3a9cce\" data-id=\"f3a9cce\" data-element_type=\"column\">\n\t\t\t<div class=\"elementor-widget-wrap elementor-element-populated\">\n\t\t\t\t\t\t<div class=\"elementor-element elementor-element-e3b7ce5 elementor-widget elementor-widget-text-editor\" data-id=\"e3b7ce5\" data-element_type=\"widget\" data-widget_type=\"text-editor.default\">\n\t\t\t\t<div class=\"elementor-widget-container\">\n\t\t\t\t\t\t\t\t\t<h2>COCHE, BARCO Y RV ALMACENAMIENTO<\/h2><p>Durham Rescue Mission Auto Sales &amp; Storage ofrece sitios de almacenamiento en Raleigh, Carolina del Norte para veh\u00edculos recreativos, botes, autocaravanas, remolques utilitarios y otros veh\u00edculos bajo refugios cubiertos. Todas las tarifas de almacenamiento van a apoyar las operaciones de la Misi\u00f3n de Rescate de Durham.<\/p><p>Las caracter\u00edsticas adicionales incluyen un estacionamiento de almacenamiento cercado con una puerta segura, entrada con teclado accesible, c\u00e1maras de seguridad y espacios de estacionamiento asignados. Se puede acceder al estacionamiento 24\/7 desde la autopista 70 \/ Glenwood Avenue o TW Alexander Drive.<\/p><p><strong>El espacio de almacenamiento es limitado, as\u00ed que aseg\u00farese de llamar para verificar la disponibilidad.<\/strong><\/p><p>\u00a0<\/p>\t\t\t\t\t\t\t\t<\/div>\n\t\t\t\t<\/div>\n\t\t\t\t\t<\/div>\n\t\t<\/div>\n\t\t\t\t\t<\/div>\n\t\t<\/section>\n\t\t\t\t\t<\/div>\n\t\t<\/div>\n\t\t\t\t\t<\/div>\n\t\t<\/section>\n\t\t\t\t<section class=\"elementor-section elementor-top-section elementor-element elementor-element-b9920e0 elementor-section-boxed elementor-section-height-default elementor-section-height-default\" data-id=\"b9920e0\" data-element_type=\"section\">\n\t\t\t\t\t\t<div class=\"elementor-container elementor-column-gap-default\">\n\t\t\t\t\t<div class=\"elementor-column elementor-col-100 elementor-top-column elementor-element elementor-element-32063ff\" data-id=\"32063ff\" data-element_type=\"column\">\n\t\t\t<div class=\"elementor-widget-wrap elementor-element-populated\">\n\t\t\t\t\t\t<div class=\"elementor-element elementor-element-c4ed194 elementor-widget elementor-widget-text-editor\" data-id=\"c4ed194\" data-element_type=\"widget\" data-widget_type=\"text-editor.default\">\n\t\t\t\t<div class=\"elementor-widget-container\">\n\t\t\t\t\t\t\t\t\t<h2 style=\"text-align: center;\">CONTACTO DURHAM MISI\u00d3N DE RESCATE AUTO VENTAS Y ALMACENAMIENTO<\/h2><p style=\"text-align: center;\">Para obtener m\u00e1s informaci\u00f3n sobre nuestras instalaciones de almacenamiento en el \u00e1rea de Brier Creek o el proceso de donaci\u00f3n de veh\u00edculos usados, cont\u00e1ctenos o pase por nuestra oficina en Glenwood Avenue. Estamos convenientemente ubicados detr\u00e1s de la tienda de art\u00edculos de segunda mano Durham Rescue Mission en Raleigh.<\/p><p style=\"text-align: center;\"><strong>Direcci\u00f3n de envio<\/strong><br \/>10707 Glenwood Ave.<br \/>Raleigh, NC 27617<\/p><p style=\"text-align: center;\"><strong>Tel\u00e9fono<\/strong><br \/>(919) 957-8088<\/p><p style=\"text-align: center;\"><strong>Email<br \/><\/strong><a href=\"mailto:Auto@durhamrescuemission.com\">Auto@durhamrescuemission.com<\/a><\/p>\t\t\t\t\t\t\t\t<\/div>\n\t\t\t\t<\/div>\n\t\t\t\t\t<\/div>\n\t\t<\/div>\n\t\t\t\t\t<\/div>\n\t\t<\/section>\n\t\t\t\t<\/div>","protected":false},"excerpt":{"rendered":"<p>AUTO SALES Durham Rescue Mission Auto Sales opened in 2006. In October 2010, we expanded our operation to include boat and RV storage. Today, Durham Rescue Mission Auto Sales &amp; Storage offers used vehicles for sale, as well as limited storage space for your car, boat or RV. We gladly accept used car donations of [&hellip;]<\/p>","protected":false},"author":3,"featured_media":0,"parent":0,"menu_order":0,"comment_status":"closed","ping_status":"closed","template":"","meta":{"_acf_changed":false,"site-sidebar-layout":"no-sidebar","site-content-layout":"page-builder","ast-site-content-layout":"default","site-content-style":"default","site-sidebar-style":"default","ast-global-header-display":"","ast-banner-title-visibility":"","ast-main-header-display":"","ast-hfb-above-header-display":"","ast-hfb-below-header-display":"","ast-hfb-mobile-header-display":"","site-post-title":"disabled","ast-breadcrumbs-content":"","ast-featured-img":"disabled","footer-sml-layout":"","ast-disable-related-posts":"","theme-transparent-header-meta":"default","adv-header-id-meta":"","stick-header-meta":"","header-above-stick-meta":"","header-main-stick-meta":"","header-below-stick-meta":"","astra-migrate-meta-layouts":"default","ast-page-background-enabled":"default","ast-page-background-meta":{"desktop":{"background-color":"","background-image":"","background-repeat":"repeat","background-position":"center center","background-size":"auto","background-attachment":"scroll","background-type":"","background-media":"","overlay-type":"","overlay-color":"","overlay-opacity":"","overlay-gradient":""},"tablet":{"background-color":"","background-image":"","background-repeat":"repeat","background-position":"center center","background-size":"auto","background-attachment":"scroll","background-type":"","background-media":"","overlay-type":"","overlay-color":"","overlay-opacity":"","overlay-gradient":""},"mobile":{"background-color":"","background-image":"","background-repeat":"repeat","background-position":"center center","background-size":"auto","background-attachment":"scroll","background-type":"","background-media":"","overlay-type":"","overlay-color":"","overlay-opacity":"","overlay-gradient":""}},"ast-content-background-meta":{"desktop":{"background-color":"var(--ast-global-color-5)","background-image":"","background-repeat":"repeat","background-position":"center center","background-size":"auto","background-attachment":"scroll","background-type":"","background-media":"","overlay-type":"","overlay-color":"","overlay-opacity":"","overlay-gradient":""},"tablet":{"background-color":"var(--ast-global-color-5)","background-image":"","background-repeat":"repeat","background-position":"center center","background-size":"auto","background-attachment":"scroll","background-type":"","background-media":"","overlay-type":"","overlay-color":"","overlay-opacity":"","overlay-gradient":""},"mobile":{"background-color":"var(--ast-global-color-5)","background-image":"","background-repeat":"repeat","background-position":"center center","background-size":"auto","background-attachment":"scroll","background-type":"","background-media":"","overlay-type":"","overlay-color":"","overlay-opacity":"","overlay-gradient":""}},"footnotes":"","_elementor_version":"3.2.3","_elementor_css":null,"_wp_page_template":"default","_thumbnail_id":0,"_wp_old_slug":""},"class_list":["post-34","page","type-page","status-publish","hentry"],"acf":[],"yoast_head":"<!-- This site is optimized with the Yoast SEO plugin v25.4 - https:\/\/yoast.com\/wordpress\/plugins\/seo\/ -->\n<title>Auto Sales &amp; Storage - Rescue Missions Ministries Thrift Store<\/title>\n<meta name=\"robots\" content=\"index, follow, max-snippet:-1, max-image-preview:large, max-video-preview:-1\" \/>\n<link rel=\"canonical\" href=\"https:\/\/drmthriftstore.org\/es\/auto-sales-storage\/\" \/>\n<meta property=\"og:locale\" content=\"es_MX\" \/>\n<meta property=\"og:type\" content=\"article\" \/>\n<meta property=\"og:title\" content=\"Auto Sales &amp; Storage - Rescue Missions Ministries Thrift Store\" \/>\n<meta property=\"og:description\" content=\"AUTO SALES Durham Rescue Mission Auto Sales opened in 2006. In October 2010, we expanded our operation to include boat and RV storage. Today, Durham Rescue Mission Auto Sales &amp; Storage offers used vehicles for sale, as well as limited storage space for your car, boat or RV. We gladly accept used car donations of [&hellip;]\" \/>\n<meta property=\"og:url\" content=\"https:\/\/drmthriftstore.org\/es\/auto-sales-storage\/\" \/>\n<meta property=\"og:site_name\" content=\"Rescue Missions Ministries Thrift Store\" \/>\n<meta property=\"article:modified_time\" content=\"2022-01-07T17:39:42+00:00\" \/>\n<meta name=\"twitter:card\" content=\"summary_large_image\" \/>\n<meta name=\"twitter:label1\" content=\"Tiempo de lectura\" \/>\n\t<meta name=\"twitter:data1\" content=\"2 minutos\" \/>\n<script type=\"application\/ld+json\" class=\"yoast-schema-graph\">{\"@context\":\"https:\/\/schema.org\",\"@graph\":[{\"@type\":\"WebPage\",\"@id\":\"https:\/\/drmthriftstore.org\/auto-sales-storage\/\",\"url\":\"https:\/\/drmthriftstore.org\/auto-sales-storage\/\",\"name\":\"Auto Sales & Storage - Rescue Missions Ministries Thrift Store\",\"isPartOf\":{\"@id\":\"https:\/\/drmthriftstore.org\/#website\"},\"datePublished\":\"2019-12-16T02:37:52+00:00\",\"dateModified\":\"2022-01-07T17:39:42+00:00\",\"breadcrumb\":{\"@id\":\"https:\/\/drmthriftstore.org\/auto-sales-storage\/#breadcrumb\"},\"inLanguage\":\"es\",\"potentialAction\":[{\"@type\":\"ReadAction\",\"target\":[\"https:\/\/drmthriftstore.org\/auto-sales-storage\/\"]}]},{\"@type\":\"BreadcrumbList\",\"@id\":\"https:\/\/drmthriftstore.org\/auto-sales-storage\/#breadcrumb\",\"itemListElement\":[{\"@type\":\"ListItem\",\"position\":1,\"name\":\"Home\",\"item\":\"https:\/\/drmthriftstore.org\/\"},{\"@type\":\"ListItem\",\"position\":2,\"name\":\"Auto Sales &#038; Storage\"}]},{\"@type\":\"WebSite\",\"@id\":\"https:\/\/drmthriftstore.org\/#website\",\"url\":\"https:\/\/drmthriftstore.org\/\",\"name\":\"Rescue Missions Ministries Thrift Store\",\"description\":\"Thrift Stores in Durham, Raleigh, Wake Forest, Chapel Hill\",\"potentialAction\":[{\"@type\":\"SearchAction\",\"target\":{\"@type\":\"EntryPoint\",\"urlTemplate\":\"https:\/\/drmthriftstore.org\/?s={search_term_string}\"},\"query-input\":{\"@type\":\"PropertyValueSpecification\",\"valueRequired\":true,\"valueName\":\"search_term_string\"}}],\"inLanguage\":\"es\"}]}<\/script>\n<!-- \/ Yoast SEO plugin. -->","yoast_head_json":{"title":"Auto Sales & Storage - Rescue Missions Ministries Thrift Store","robots":{"index":"index","follow":"follow","max-snippet":"max-snippet:-1","max-image-preview":"max-image-preview:large","max-video-preview":"max-video-preview:-1"},"canonical":"https:\/\/drmthriftstore.org\/es\/auto-sales-storage\/","og_locale":"es_MX","og_type":"article","og_title":"Auto Sales & Storage - Rescue Missions Ministries Thrift Store","og_description":"AUTO SALES Durham Rescue Mission Auto Sales opened in 2006. In October 2010, we expanded our operation to include boat and RV storage. Today, Durham Rescue Mission Auto Sales &amp; Storage offers used vehicles for sale, as well as limited storage space for your car, boat or RV. We gladly accept used car donations of [&hellip;]","og_url":"https:\/\/drmthriftstore.org\/es\/auto-sales-storage\/","og_site_name":"Rescue Missions Ministries Thrift Store","article_modified_time":"2022-01-07T17:39:42+00:00","twitter_card":"summary_large_image","twitter_misc":{"Tiempo de lectura":"2 minutos"},"schema":{"@context":"https:\/\/schema.org","@graph":[{"@type":"WebPage","@id":"https:\/\/drmthriftstore.org\/auto-sales-storage\/","url":"https:\/\/drmthriftstore.org\/auto-sales-storage\/","name":"Auto Sales & Storage - Rescue Missions Ministries Thrift Store","isPartOf":{"@id":"https:\/\/drmthriftstore.org\/#website"},"datePublished":"2019-12-16T02:37:52+00:00","dateModified":"2022-01-07T17:39:42+00:00","breadcrumb":{"@id":"https:\/\/drmthriftstore.org\/auto-sales-storage\/#breadcrumb"},"inLanguage":"es","potentialAction":[{"@type":"ReadAction","target":["https:\/\/drmthriftstore.org\/auto-sales-storage\/"]}]},{"@type":"BreadcrumbList","@id":"https:\/\/drmthriftstore.org\/auto-sales-storage\/#breadcrumb","itemListElement":[{"@type":"ListItem","position":1,"name":"Home","item":"https:\/\/drmthriftstore.org\/"},{"@type":"ListItem","position":2,"name":"Auto Sales &#038; Storage"}]},{"@type":"WebSite","@id":"https:\/\/drmthriftstore.org\/#website","url":"https:\/\/drmthriftstore.org\/","name":"Rescue Missions Ministries Thrift Store","description":"Thrift Stores in Durham, Raleigh, Wake Forest, Chapel Hill","potentialAction":[{"@type":"SearchAction","target":{"@type":"EntryPoint","urlTemplate":"https:\/\/drmthriftstore.org\/?s={search_term_string}"},"query-input":{"@type":"PropertyValueSpecification","valueRequired":true,"valueName":"search_term_string"}}],"inLanguage":"es"}]}},"_links":{"self":[{"href":"https:\/\/drmthriftstore.org\/es\/wp-json\/wp\/v2\/pages\/34","targetHints":{"allow":["GET"]}}],"collection":[{"href":"https:\/\/drmthriftstore.org\/es\/wp-json\/wp\/v2\/pages"}],"about":[{"href":"https:\/\/drmthriftstore.org\/es\/wp-json\/wp\/v2\/types\/page"}],"author":[{"embeddable":true,"href":"https:\/\/drmthriftstore.org\/es\/wp-json\/wp\/v2\/users\/3"}],"replies":[{"embeddable":true,"href":"https:\/\/drmthriftstore.org\/es\/wp-json\/wp\/v2\/comments?post=34"}],"version-history":[{"count":0,"href":"https:\/\/drmthriftstore.org\/es\/wp-json\/wp\/v2\/pages\/34\/revisions"}],"wp:attachment":[{"href":"https:\/\/drmthriftstore.org\/es\/wp-json\/wp\/v2\/media?parent=34"}],"curies":[{"name":"wp","href":"https:\/\/api.w.org\/{rel}","templated":true}]}}