{"id":36,"date":"2019-12-16T02:38:08","date_gmt":"2019-12-16T02:38:08","guid":{"rendered":"http:\/\/durham-rm.flywheelsites.com\/?page_id=36"},"modified":"2021-04-09T12:12:40","modified_gmt":"2021-04-09T16:12:40","slug":"auto-sales","status":"publish","type":"page","link":"https:\/\/drmthriftstore.org\/es\/auto-sales\/","title":{"rendered":"Venta de autos"},"content":{"rendered":"<h2>VENTAS AUTOM\u00c1TICAS Y ALMACENAMIENTO DE RV \/ BARCO EN RALEIGH, NC<\/h2>\n<p>Durham Rescue Mission Auto Sales abri\u00f3 en 2006. En octubre de 2010, ampliamos nuestra operaci\u00f3n para incluir el almacenamiento de botes y veh\u00edculos recreativos.<\/p>\n<p>Hoy, Durham Rescue Mission Auto Sales &amp; Storage ofrece veh\u00edculos usados para la venta, as\u00ed como espacio de almacenamiento limitado para su autom\u00f3vil, bote o veh\u00edculo recreativo. Con mucho gusto aceptamos donaciones de autos usados de todo tipo.<\/p>\n<h4>NO CAMBIE EN SU COCHE - \u00a1DONELO A LA MISI\u00d3N DE RESCATE DE DURHAM!<\/h4>\n<p>If you\u2019re ready to trade in your car or interested in selling it for cash, consider donating it to the Durham Rescue Mission instead. Not only will you receive a tax deduction for your donation to our homeless shelter and urban rescue mission in the Raleigh-Durham area \u2014 you\u2019ll also receive the satisfaction that comes from knowing your vehicle donation is going to benefit the hungry and homeless men, women and children of the Triangle.<\/p>\n<p>Donar un autom\u00f3vil a la Misi\u00f3n de Rescate de Durham es simple y sin complicaciones. P\u00f3ngase en contacto con la Misi\u00f3n hoy para obtener m\u00e1s informaci\u00f3n.<\/p>\n<h2>CONTACTO DURHAM MISI\u00d3N DE RESCATE AUTO VENTAS Y ALMACENAMIENTO<\/h2>\n<p>Para obtener m\u00e1s informaci\u00f3n sobre nuestras instalaciones de almacenamiento en el \u00e1rea de Brier Creek o el proceso de donaci\u00f3n de veh\u00edculos usados, cont\u00e1ctenos o pase por nuestra oficina en Glenwood Avenue. Estamos convenientemente ubicados detr\u00e1s de la tienda de art\u00edculos de segunda mano Durham Rescue Mission en Raleigh.<\/p>\n<h3>Direcci\u00f3n de envio<\/h3>\n<p>10707 Glenwood Ave.<br \/>\nRaleigh, NC 27617<\/p>\n<h3>Tel\u00e9fono<\/h3>\n<p>Car Sales: (919) 957-8088<\/p>\n<h3>Email<\/h3>\n<p><a href=\"mailto:Auto@durhamrescuemission.com\">Auto@durhamrescuemission.com<\/a><\/p>","protected":false},"excerpt":{"rendered":"<p>AUTO SALES &amp; RV \/ BOAT STORAGE IN RALEIGH, NC Durham Rescue Mission Auto Sales opened in 2006. In October 2010, we expanded our operation to include boat and RV storage. Today, Durham Rescue Mission Auto Sales &amp; Storage offers used vehicles for sale, as well as limited storage space for your car, boat or [&hellip;]<\/p>","protected":false},"author":3,"featured_media":0,"parent":0,"menu_order":0,"comment_status":"closed","ping_status":"closed","template":"","meta":{"_acf_changed":false,"site-sidebar-layout":"default","site-content-layout":"default","ast-site-content-layout":"default","site-content-style":"default","site-sidebar-style":"default","ast-global-header-display":"","ast-banner-title-visibility":"","ast-main-header-display":"","ast-hfb-above-header-display":"","ast-hfb-below-header-display":"","ast-hfb-mobile-header-display":"","site-post-title":"","ast-breadcrumbs-content":"","ast-featured-img":"","footer-sml-layout":"","ast-disable-related-posts":"","theme-transparent-header-meta":"default","adv-header-id-meta":"","stick-header-meta":"","header-above-stick-meta":"","header-main-stick-meta":"","header-below-stick-meta":"","astra-migrate-meta-layouts":"default","ast-page-background-enabled":"default","ast-page-background-meta":{"desktop":{"background-color":"","background-image":"","background-repeat":"repeat","background-position":"center center","background-size":"auto","background-attachment":"scroll","background-type":"","background-media":"","overlay-type":"","overlay-color":"","overlay-opacity":"","overlay-gradient":""},"tablet":{"background-color":"","background-image":"","background-repeat":"repeat","background-position":"center center","background-size":"auto","background-attachment":"scroll","background-type":"","background-media":"","overlay-type":"","overlay-color":"","overlay-opacity":"","overlay-gradient":""},"mobile":{"background-color":"","background-image":"","background-repeat":"repeat","background-position":"center center","background-size":"auto","background-attachment":"scroll","background-type":"","background-media":"","overlay-type":"","overlay-color":"","overlay-opacity":"","overlay-gradient":""}},"ast-content-background-meta":{"desktop":{"background-color":"var(--ast-global-color-5)","background-image":"","background-repeat":"repeat","background-position":"center center","background-size":"auto","background-attachment":"scroll","background-type":"","background-media":"","overlay-type":"","overlay-color":"","overlay-opacity":"","overlay-gradient":""},"tablet":{"background-color":"var(--ast-global-color-5)","background-image":"","background-repeat":"repeat","background-position":"center center","background-size":"auto","background-attachment":"scroll","background-type":"","background-media":"","overlay-type":"","overlay-color":"","overlay-opacity":"","overlay-gradient":""},"mobile":{"background-color":"var(--ast-global-color-5)","background-image":"","background-repeat":"repeat","background-position":"center center","background-size":"auto","background-attachment":"scroll","background-type":"","background-media":"","overlay-type":"","overlay-color":"","overlay-opacity":"","overlay-gradient":""}},"footnotes":"","_elementor_version":"","_elementor_css":"","_wp_page_template":"default","_thumbnail_id":0,"_wp_old_slug":""},"class_list":["post-36","page","type-page","status-publish","hentry"],"acf":[],"yoast_head":"<!-- This site is optimized with the Yoast SEO plugin v25.4 - https:\/\/yoast.com\/wordpress\/plugins\/seo\/ -->\n<title>Auto Sales - Rescue Missions Ministries Thrift Store<\/title>\n<meta name=\"robots\" content=\"index, follow, max-snippet:-1, max-image-preview:large, max-video-preview:-1\" \/>\n<link rel=\"canonical\" href=\"https:\/\/drmthriftstore.org\/es\/auto-sales\/\" \/>\n<meta property=\"og:locale\" content=\"es_MX\" \/>\n<meta property=\"og:type\" content=\"article\" \/>\n<meta property=\"og:title\" content=\"Auto Sales - Rescue Missions Ministries Thrift Store\" \/>\n<meta property=\"og:description\" content=\"AUTO SALES &amp; RV \/ BOAT STORAGE IN RALEIGH, NC Durham Rescue Mission Auto Sales opened in 2006. In October 2010, we expanded our operation to include boat and RV storage. Today, Durham Rescue Mission Auto Sales &amp; Storage offers used vehicles for sale, as well as limited storage space for your car, boat or [&hellip;]\" \/>\n<meta property=\"og:url\" content=\"https:\/\/drmthriftstore.org\/es\/auto-sales\/\" \/>\n<meta property=\"og:site_name\" content=\"Rescue Missions Ministries Thrift Store\" \/>\n<meta property=\"article:modified_time\" content=\"2021-04-09T16:12:40+00:00\" \/>\n<meta name=\"twitter:card\" content=\"summary_large_image\" \/>\n<meta name=\"twitter:label1\" content=\"Tiempo de lectura\" \/>\n\t<meta name=\"twitter:data1\" content=\"1 minuto\" \/>\n<script type=\"application\/ld+json\" class=\"yoast-schema-graph\">{\"@context\":\"https:\/\/schema.org\",\"@graph\":[{\"@type\":\"WebPage\",\"@id\":\"https:\/\/drmthriftstore.org\/auto-sales\/\",\"url\":\"https:\/\/drmthriftstore.org\/auto-sales\/\",\"name\":\"Auto Sales - Rescue Missions Ministries Thrift Store\",\"isPartOf\":{\"@id\":\"https:\/\/drmthriftstore.org\/#website\"},\"datePublished\":\"2019-12-16T02:38:08+00:00\",\"dateModified\":\"2021-04-09T16:12:40+00:00\",\"breadcrumb\":{\"@id\":\"https:\/\/drmthriftstore.org\/auto-sales\/#breadcrumb\"},\"inLanguage\":\"es\",\"potentialAction\":[{\"@type\":\"ReadAction\",\"target\":[\"https:\/\/drmthriftstore.org\/auto-sales\/\"]}]},{\"@type\":\"BreadcrumbList\",\"@id\":\"https:\/\/drmthriftstore.org\/auto-sales\/#breadcrumb\",\"itemListElement\":[{\"@type\":\"ListItem\",\"position\":1,\"name\":\"Home\",\"item\":\"https:\/\/drmthriftstore.org\/\"},{\"@type\":\"ListItem\",\"position\":2,\"name\":\"Auto Sales\"}]},{\"@type\":\"WebSite\",\"@id\":\"https:\/\/drmthriftstore.org\/#website\",\"url\":\"https:\/\/drmthriftstore.org\/\",\"name\":\"Rescue Missions Ministries Thrift Store\",\"description\":\"Thrift Stores in Durham, Raleigh, Wake Forest, Chapel Hill\",\"potentialAction\":[{\"@type\":\"SearchAction\",\"target\":{\"@type\":\"EntryPoint\",\"urlTemplate\":\"https:\/\/drmthriftstore.org\/?s={search_term_string}\"},\"query-input\":{\"@type\":\"PropertyValueSpecification\",\"valueRequired\":true,\"valueName\":\"search_term_string\"}}],\"inLanguage\":\"es\"}]}<\/script>\n<!-- \/ Yoast SEO plugin. -->","yoast_head_json":{"title":"Auto Sales - Rescue Missions Ministries Thrift Store","robots":{"index":"index","follow":"follow","max-snippet":"max-snippet:-1","max-image-preview":"max-image-preview:large","max-video-preview":"max-video-preview:-1"},"canonical":"https:\/\/drmthriftstore.org\/es\/auto-sales\/","og_locale":"es_MX","og_type":"article","og_title":"Auto Sales - Rescue Missions Ministries Thrift Store","og_description":"AUTO SALES &amp; RV \/ BOAT STORAGE IN RALEIGH, NC Durham Rescue Mission Auto Sales opened in 2006. In October 2010, we expanded our operation to include boat and RV storage. Today, Durham Rescue Mission Auto Sales &amp; Storage offers used vehicles for sale, as well as limited storage space for your car, boat or [&hellip;]","og_url":"https:\/\/drmthriftstore.org\/es\/auto-sales\/","og_site_name":"Rescue Missions Ministries Thrift Store","article_modified_time":"2021-04-09T16:12:40+00:00","twitter_card":"summary_large_image","twitter_misc":{"Tiempo de lectura":"1 minuto"},"schema":{"@context":"https:\/\/schema.org","@graph":[{"@type":"WebPage","@id":"https:\/\/drmthriftstore.org\/auto-sales\/","url":"https:\/\/drmthriftstore.org\/auto-sales\/","name":"Auto Sales - Rescue Missions Ministries Thrift Store","isPartOf":{"@id":"https:\/\/drmthriftstore.org\/#website"},"datePublished":"2019-12-16T02:38:08+00:00","dateModified":"2021-04-09T16:12:40+00:00","breadcrumb":{"@id":"https:\/\/drmthriftstore.org\/auto-sales\/#breadcrumb"},"inLanguage":"es","potentialAction":[{"@type":"ReadAction","target":["https:\/\/drmthriftstore.org\/auto-sales\/"]}]},{"@type":"BreadcrumbList","@id":"https:\/\/drmthriftstore.org\/auto-sales\/#breadcrumb","itemListElement":[{"@type":"ListItem","position":1,"name":"Home","item":"https:\/\/drmthriftstore.org\/"},{"@type":"ListItem","position":2,"name":"Auto Sales"}]},{"@type":"WebSite","@id":"https:\/\/drmthriftstore.org\/#website","url":"https:\/\/drmthriftstore.org\/","name":"Rescue Missions Ministries Thrift Store","description":"Thrift Stores in Durham, Raleigh, Wake Forest, Chapel Hill","potentialAction":[{"@type":"SearchAction","target":{"@type":"EntryPoint","urlTemplate":"https:\/\/drmthriftstore.org\/?s={search_term_string}"},"query-input":{"@type":"PropertyValueSpecification","valueRequired":true,"valueName":"search_term_string"}}],"inLanguage":"es"}]}},"_links":{"self":[{"href":"https:\/\/drmthriftstore.org\/es\/wp-json\/wp\/v2\/pages\/36","targetHints":{"allow":["GET"]}}],"collection":[{"href":"https:\/\/drmthriftstore.org\/es\/wp-json\/wp\/v2\/pages"}],"about":[{"href":"https:\/\/drmthriftstore.org\/es\/wp-json\/wp\/v2\/types\/page"}],"author":[{"embeddable":true,"href":"https:\/\/drmthriftstore.org\/es\/wp-json\/wp\/v2\/users\/3"}],"replies":[{"embeddable":true,"href":"https:\/\/drmthriftstore.org\/es\/wp-json\/wp\/v2\/comments?post=36"}],"version-history":[{"count":0,"href":"https:\/\/drmthriftstore.org\/es\/wp-json\/wp\/v2\/pages\/36\/revisions"}],"wp:attachment":[{"href":"https:\/\/drmthriftstore.org\/es\/wp-json\/wp\/v2\/media?parent=36"}],"curies":[{"name":"wp","href":"https:\/\/api.w.org\/{rel}","templated":true}]}}