{"id":38,"date":"2019-12-16T02:39:00","date_gmt":"2019-12-16T02:39:00","guid":{"rendered":"http:\/\/durham-rm.flywheelsites.com\/?page_id=38"},"modified":"2020-03-12T01:46:01","modified_gmt":"2020-03-12T01:46:01","slug":"rv-boat-storage","status":"publish","type":"page","link":"https:\/\/drmthriftstore.org\/es\/rv-boat-storage\/","title":{"rendered":"Auto \/ RV \/ Almacenamiento de embarcaciones"},"content":{"rendered":"<h2>COCHE, BARCO Y RV ALMACENAMIENTO<\/h2>\n<p>Durham Rescue Mission Auto Sales &amp; Storage ofrece sitios de almacenamiento en Raleigh, Carolina del Norte para veh\u00edculos recreativos, botes, autocaravanas, remolques utilitarios y otros veh\u00edculos bajo refugios cubiertos. Todas las tarifas de almacenamiento van a apoyar las operaciones de la Misi\u00f3n de Rescate de Durham.<\/p>\n<p>Las caracter\u00edsticas adicionales incluyen un estacionamiento de almacenamiento cercado con una puerta segura, entrada con teclado accesible, c\u00e1maras de seguridad y espacios de estacionamiento asignados. Se puede acceder al estacionamiento 24\/7 desde la autopista 70 \/ Glenwood Avenue o TW Alexander Drive.<\/p>\n<p><strong>El espacio de almacenamiento es limitado, as\u00ed que aseg\u00farese de llamar para verificar la disponibilidad.<\/strong><\/p>\n<h2>CONTACTO DURHAM MISI\u00d3N DE RESCATE AUTO VENTAS Y ALMACENAMIENTO<\/h2>\n<p>Para obtener m\u00e1s informaci\u00f3n sobre nuestras instalaciones de almacenamiento en el \u00e1rea de Brier Creek o el proceso de donaci\u00f3n de veh\u00edculos usados, cont\u00e1ctenos o pase por nuestra oficina en Glenwood Avenue. Estamos convenientemente ubicados detr\u00e1s del\u00a0<a title=\"Compre con un prop\u00f3sito: visite nuestra tienda de segunda mano de Raleigh, NC\" href=\"https:\/\/www.durhamrescuemission.org\/thrift-store\/raleigh\/\">Tienda de segunda mano de la misi\u00f3n de rescate de Durham en Raleigh<\/a>.<\/p>\n<h3>Direcci\u00f3n de envio<\/h3>\n<p>10707 Glenwood Ave.<br \/>\nRaleigh, NC 27617<\/p>\n<h3><strong>Tel\u00e9fono<\/strong><\/h3>\n<p>Almacenamiento del barco: (919) 957-8088<\/p>\n<h3><strong>Email<\/strong><\/h3>\n<p><a title=\"Email Auto Sales and Storage\" href=\"mailto:Auto@durhamrescuemission.com\" target=\"_blank\" rel=\"noopener noreferrer\">Auto@durhamrescuemission.com<\/a><\/p>","protected":false},"excerpt":{"rendered":"<p>CAR, BOAT &amp; RV STORAGE Durham Rescue Mission Auto Sales &amp; Storage offers storage sites in Raleigh, NC for RVs, boats, campers, utility trailers and other vehicles under covered shelters. All storage fees go to support the operations of the Durham Rescue Mission. Additional features include a fenced storage parking lot with a secure gate, [&hellip;]<\/p>","protected":false},"author":3,"featured_media":0,"parent":0,"menu_order":0,"comment_status":"closed","ping_status":"closed","template":"","meta":{"_acf_changed":false,"site-sidebar-layout":"default","site-content-layout":"default","ast-site-content-layout":"default","site-content-style":"default","site-sidebar-style":"default","ast-global-header-display":"","ast-banner-title-visibility":"","ast-main-header-display":"","ast-hfb-above-header-display":"","ast-hfb-below-header-display":"","ast-hfb-mobile-header-display":"","site-post-title":"","ast-breadcrumbs-content":"","ast-featured-img":"","footer-sml-layout":"","ast-disable-related-posts":"","theme-transparent-header-meta":"default","adv-header-id-meta":"","stick-header-meta":"","header-above-stick-meta":"","header-main-stick-meta":"","header-below-stick-meta":"","astra-migrate-meta-layouts":"default","ast-page-background-enabled":"default","ast-page-background-meta":{"desktop":{"background-color":"","background-image":"","background-repeat":"repeat","background-position":"center center","background-size":"auto","background-attachment":"scroll","background-type":"","background-media":"","overlay-type":"","overlay-color":"","overlay-opacity":"","overlay-gradient":""},"tablet":{"background-color":"","background-image":"","background-repeat":"repeat","background-position":"center center","background-size":"auto","background-attachment":"scroll","background-type":"","background-media":"","overlay-type":"","overlay-color":"","overlay-opacity":"","overlay-gradient":""},"mobile":{"background-color":"","background-image":"","background-repeat":"repeat","background-position":"center center","background-size":"auto","background-attachment":"scroll","background-type":"","background-media":"","overlay-type":"","overlay-color":"","overlay-opacity":"","overlay-gradient":""}},"ast-content-background-meta":{"desktop":{"background-color":"var(--ast-global-color-5)","background-image":"","background-repeat":"repeat","background-position":"center center","background-size":"auto","background-attachment":"scroll","background-type":"","background-media":"","overlay-type":"","overlay-color":"","overlay-opacity":"","overlay-gradient":""},"tablet":{"background-color":"var(--ast-global-color-5)","background-image":"","background-repeat":"repeat","background-position":"center center","background-size":"auto","background-attachment":"scroll","background-type":"","background-media":"","overlay-type":"","overlay-color":"","overlay-opacity":"","overlay-gradient":""},"mobile":{"background-color":"var(--ast-global-color-5)","background-image":"","background-repeat":"repeat","background-position":"center center","background-size":"auto","background-attachment":"scroll","background-type":"","background-media":"","overlay-type":"","overlay-color":"","overlay-opacity":"","overlay-gradient":""}},"footnotes":"","_elementor_version":"","_elementor_css":"","_wp_page_template":"default","_thumbnail_id":0,"_wp_old_slug":""},"class_list":["post-38","page","type-page","status-publish","hentry"],"acf":[],"yoast_head":"<!-- This site is optimized with the Yoast SEO plugin v25.4 - https:\/\/yoast.com\/wordpress\/plugins\/seo\/ -->\n<title>Auto \/ RV \/ Boat Storage - Rescue Missions Ministries Thrift Store<\/title>\n<meta name=\"robots\" content=\"index, follow, max-snippet:-1, max-image-preview:large, max-video-preview:-1\" \/>\n<link rel=\"canonical\" href=\"https:\/\/drmthriftstore.org\/es\/rv-boat-storage\/\" \/>\n<meta property=\"og:locale\" content=\"es_MX\" \/>\n<meta property=\"og:type\" content=\"article\" \/>\n<meta property=\"og:title\" content=\"Auto \/ RV \/ Boat Storage - Rescue Missions Ministries Thrift Store\" \/>\n<meta property=\"og:description\" content=\"CAR, BOAT &amp; RV STORAGE Durham Rescue Mission Auto Sales &amp; Storage offers storage sites in Raleigh, NC for RVs, boats, campers, utility trailers and other vehicles under covered shelters. All storage fees go to support the operations of the Durham Rescue Mission. Additional features include a fenced storage parking lot with a secure gate, [&hellip;]\" \/>\n<meta property=\"og:url\" content=\"https:\/\/drmthriftstore.org\/es\/rv-boat-storage\/\" \/>\n<meta property=\"og:site_name\" content=\"Rescue Missions Ministries Thrift Store\" \/>\n<meta property=\"article:modified_time\" content=\"2020-03-12T01:46:01+00:00\" \/>\n<meta name=\"twitter:card\" content=\"summary_large_image\" \/>\n<meta name=\"twitter:label1\" content=\"Tiempo de lectura\" \/>\n\t<meta name=\"twitter:data1\" content=\"1 minuto\" \/>\n<script type=\"application\/ld+json\" class=\"yoast-schema-graph\">{\"@context\":\"https:\/\/schema.org\",\"@graph\":[{\"@type\":\"WebPage\",\"@id\":\"https:\/\/drmthriftstore.org\/rv-boat-storage\/\",\"url\":\"https:\/\/drmthriftstore.org\/rv-boat-storage\/\",\"name\":\"Auto \/ RV \/ Boat Storage - Rescue Missions Ministries Thrift Store\",\"isPartOf\":{\"@id\":\"https:\/\/drmthriftstore.org\/#website\"},\"datePublished\":\"2019-12-16T02:39:00+00:00\",\"dateModified\":\"2020-03-12T01:46:01+00:00\",\"breadcrumb\":{\"@id\":\"https:\/\/drmthriftstore.org\/rv-boat-storage\/#breadcrumb\"},\"inLanguage\":\"es\",\"potentialAction\":[{\"@type\":\"ReadAction\",\"target\":[\"https:\/\/drmthriftstore.org\/rv-boat-storage\/\"]}]},{\"@type\":\"BreadcrumbList\",\"@id\":\"https:\/\/drmthriftstore.org\/rv-boat-storage\/#breadcrumb\",\"itemListElement\":[{\"@type\":\"ListItem\",\"position\":1,\"name\":\"Home\",\"item\":\"https:\/\/drmthriftstore.org\/\"},{\"@type\":\"ListItem\",\"position\":2,\"name\":\"Auto \/ RV \/ Boat Storage\"}]},{\"@type\":\"WebSite\",\"@id\":\"https:\/\/drmthriftstore.org\/#website\",\"url\":\"https:\/\/drmthriftstore.org\/\",\"name\":\"Rescue Missions Ministries Thrift Store\",\"description\":\"Thrift Stores in Durham, Raleigh, Wake Forest, Chapel Hill\",\"potentialAction\":[{\"@type\":\"SearchAction\",\"target\":{\"@type\":\"EntryPoint\",\"urlTemplate\":\"https:\/\/drmthriftstore.org\/?s={search_term_string}\"},\"query-input\":{\"@type\":\"PropertyValueSpecification\",\"valueRequired\":true,\"valueName\":\"search_term_string\"}}],\"inLanguage\":\"es\"}]}<\/script>\n<!-- \/ Yoast SEO plugin. -->","yoast_head_json":{"title":"Auto \/ RV \/ Boat Storage - Rescue Missions Ministries Thrift Store","robots":{"index":"index","follow":"follow","max-snippet":"max-snippet:-1","max-image-preview":"max-image-preview:large","max-video-preview":"max-video-preview:-1"},"canonical":"https:\/\/drmthriftstore.org\/es\/rv-boat-storage\/","og_locale":"es_MX","og_type":"article","og_title":"Auto \/ RV \/ Boat Storage - Rescue Missions Ministries Thrift Store","og_description":"CAR, BOAT &amp; RV STORAGE Durham Rescue Mission Auto Sales &amp; Storage offers storage sites in Raleigh, NC for RVs, boats, campers, utility trailers and other vehicles under covered shelters. All storage fees go to support the operations of the Durham Rescue Mission. Additional features include a fenced storage parking lot with a secure gate, [&hellip;]","og_url":"https:\/\/drmthriftstore.org\/es\/rv-boat-storage\/","og_site_name":"Rescue Missions Ministries Thrift Store","article_modified_time":"2020-03-12T01:46:01+00:00","twitter_card":"summary_large_image","twitter_misc":{"Tiempo de lectura":"1 minuto"},"schema":{"@context":"https:\/\/schema.org","@graph":[{"@type":"WebPage","@id":"https:\/\/drmthriftstore.org\/rv-boat-storage\/","url":"https:\/\/drmthriftstore.org\/rv-boat-storage\/","name":"Auto \/ RV \/ Boat Storage - Rescue Missions Ministries Thrift Store","isPartOf":{"@id":"https:\/\/drmthriftstore.org\/#website"},"datePublished":"2019-12-16T02:39:00+00:00","dateModified":"2020-03-12T01:46:01+00:00","breadcrumb":{"@id":"https:\/\/drmthriftstore.org\/rv-boat-storage\/#breadcrumb"},"inLanguage":"es","potentialAction":[{"@type":"ReadAction","target":["https:\/\/drmthriftstore.org\/rv-boat-storage\/"]}]},{"@type":"BreadcrumbList","@id":"https:\/\/drmthriftstore.org\/rv-boat-storage\/#breadcrumb","itemListElement":[{"@type":"ListItem","position":1,"name":"Home","item":"https:\/\/drmthriftstore.org\/"},{"@type":"ListItem","position":2,"name":"Auto \/ RV \/ Boat Storage"}]},{"@type":"WebSite","@id":"https:\/\/drmthriftstore.org\/#website","url":"https:\/\/drmthriftstore.org\/","name":"Rescue Missions Ministries Thrift Store","description":"Thrift Stores in Durham, Raleigh, Wake Forest, Chapel Hill","potentialAction":[{"@type":"SearchAction","target":{"@type":"EntryPoint","urlTemplate":"https:\/\/drmthriftstore.org\/?s={search_term_string}"},"query-input":{"@type":"PropertyValueSpecification","valueRequired":true,"valueName":"search_term_string"}}],"inLanguage":"es"}]}},"_links":{"self":[{"href":"https:\/\/drmthriftstore.org\/es\/wp-json\/wp\/v2\/pages\/38","targetHints":{"allow":["GET"]}}],"collection":[{"href":"https:\/\/drmthriftstore.org\/es\/wp-json\/wp\/v2\/pages"}],"about":[{"href":"https:\/\/drmthriftstore.org\/es\/wp-json\/wp\/v2\/types\/page"}],"author":[{"embeddable":true,"href":"https:\/\/drmthriftstore.org\/es\/wp-json\/wp\/v2\/users\/3"}],"replies":[{"embeddable":true,"href":"https:\/\/drmthriftstore.org\/es\/wp-json\/wp\/v2\/comments?post=38"}],"version-history":[{"count":0,"href":"https:\/\/drmthriftstore.org\/es\/wp-json\/wp\/v2\/pages\/38\/revisions"}],"wp:attachment":[{"href":"https:\/\/drmthriftstore.org\/es\/wp-json\/wp\/v2\/media?parent=38"}],"curies":[{"name":"wp","href":"https:\/\/api.w.org\/{rel}","templated":true}]}}