{"id":576,"date":"2020-03-20T08:04:02","date_gmt":"2020-03-20T08:04:02","guid":{"rendered":"http:\/\/durham-rm.flywheelsites.com\/?page_id=576"},"modified":"2023-10-31T10:03:54","modified_gmt":"2023-10-31T14:03:54","slug":"loyalty-program","status":"publish","type":"page","link":"https:\/\/drmthriftstore.org\/es\/loyalty-program\/","title":{"rendered":"Loyalty Program &#038; Gift Cards"},"content":{"rendered":"<div data-elementor-type=\"wp-page\" data-elementor-id=\"576\" class=\"elementor elementor-576\" data-elementor-post-type=\"page\">\n\t\t\t\t\t\t<section class=\"elementor-section elementor-top-section elementor-element elementor-element-68c7be0 elementor-section-boxed elementor-section-height-default elementor-section-height-default\" data-id=\"68c7be0\" data-element_type=\"section\">\n\t\t\t\t\t\t<div class=\"elementor-container elementor-column-gap-default\">\n\t\t\t\t\t<div class=\"elementor-column elementor-col-100 elementor-top-column elementor-element elementor-element-144adf9\" data-id=\"144adf9\" data-element_type=\"column\">\n\t\t\t<div class=\"elementor-widget-wrap elementor-element-populated\">\n\t\t\t\t\t\t<div class=\"elementor-element elementor-element-0b0f903 elementor-widget elementor-widget-text-editor\" data-id=\"0b0f903\" data-element_type=\"widget\" data-widget_type=\"text-editor.default\">\n\t\t\t\t<div class=\"elementor-widget-container\">\n\t\t\t\t\t\t\t\t\t<p><b style=\"font-style: inherit;\">To enroll in our Loyalty Program,&nbsp;<\/b><span style=\"font-size: 18px;\">please visit one of our Thrift Store Locations<\/span><b style=\"font-style: inherit;\">.<\/b><\/p><p><b style=\"font-style: inherit;\">To check the balance of your Loyalty Account,<\/b><span style=\"font-size: 18px;\"> please visit <\/span><a href=\"https:\/\/thriftloyalty.com\/\" style=\"font-size: 18px; background-color: rgb(249, 247, 241);\">https:\/\/thriftloyalty.com\/<\/a><\/p>\t\t\t\t\t\t\t\t<\/div>\n\t\t\t\t<\/div>\n\t\t\t\t\t<\/div>\n\t\t<\/div>\n\t\t\t\t\t<\/div>\n\t\t<\/section>\n\t\t\t\t<section class=\"elementor-section elementor-top-section elementor-element elementor-element-11475b4 elementor-hidden-desktop elementor-hidden-tablet elementor-hidden-mobile elementor-section-boxed elementor-section-height-default elementor-section-height-default\" data-id=\"11475b4\" data-element_type=\"section\">\n\t\t\t\t\t\t<div class=\"elementor-container elementor-column-gap-default\">\n\t\t\t\t\t<div class=\"elementor-column elementor-col-100 elementor-top-column elementor-element elementor-element-b52a20e\" data-id=\"b52a20e\" data-element_type=\"column\">\n\t\t\t<div class=\"elementor-widget-wrap elementor-element-populated\">\n\t\t\t\t\t\t<div class=\"elementor-element elementor-element-72a9301 elementor-widget elementor-widget-heading\" data-id=\"72a9301\" data-element_type=\"widget\" data-widget_type=\"heading.default\">\n\t\t\t\t<div class=\"elementor-widget-container\">\n\t\t\t\t\t<h2 class=\"elementor-heading-title elementor-size-default\">Devolviendo a nuestros clientes leales<\/h2>\t\t\t\t<\/div>\n\t\t\t\t<\/div>\n\t\t\t\t<div class=\"elementor-element elementor-element-d648579 elementor-widget elementor-widget-text-editor\" data-id=\"d648579\" data-element_type=\"widget\" data-widget_type=\"text-editor.default\">\n\t\t\t\t<div class=\"elementor-widget-container\">\n\t\t\t\t\t\t\t\t\t<p>Como cliente fiel, puede aprovechar los beneficios del programa que hacen que comprar con nosotros sea a\u00fan m\u00e1s gratificante. Acumula puntos por cada centavo que gastes,<sup>[1]<\/sup> reciba ofertas exclusivas para miembros y use sus puntos de fidelidad como bonificaci\u00f3n en efectivo en futuras compras.<\/p><p>Adem\u00e1s, recibir\u00e1 10,000 puntos de bonificaci\u00f3n ($5) solo por registrarse.<sup>[2]<\/sup><\/p><p>To sign up, register online or pick up a card in-store<sup>[3]<\/sup>.<\/p>\t\t\t\t\t\t\t\t<\/div>\n\t\t\t\t<\/div>\n\t\t\t\t<div class=\"elementor-element elementor-element-ba2e0b0 elementor-align-justify elementor-widget elementor-widget-button\" data-id=\"ba2e0b0\" data-element_type=\"widget\" data-widget_type=\"button.default\">\n\t\t\t\t<div class=\"elementor-widget-container\">\n\t\t\t\t\t\t\t\t\t<div class=\"elementor-button-wrapper\">\n\t\t\t\t\t<a class=\"elementor-button elementor-button-link elementor-size-md\" href=\"https:\/\/drmthriftstore.datacandyinfo.com\/\" target=\"_blank\">\n\t\t\t\t\t\t<span class=\"elementor-button-content-wrapper\">\n\t\t\t\t\t\t\t\t\t<span class=\"elementor-button-text\">Register Online Account or Card<\/span>\n\t\t\t\t\t<\/span>\n\t\t\t\t\t<\/a>\n\t\t\t\t<\/div>\n\t\t\t\t\t\t\t\t<\/div>\n\t\t\t\t<\/div>\n\t\t\t\t<div class=\"elementor-element elementor-element-61f4a9c elementor-widget elementor-widget-heading\" data-id=\"61f4a9c\" data-element_type=\"widget\" data-widget_type=\"heading.default\">\n\t\t\t\t<div class=\"elementor-widget-container\">\n\t\t\t\t\t<h3 class=\"elementor-heading-title elementor-size-default\">PUNTOS DE PUNTUACI\u00d3N EN SUS COMPRAS<\/h3>\t\t\t\t<\/div>\n\t\t\t\t<\/div>\n\t\t\t\t<div class=\"elementor-element elementor-element-ed2a9e3 elementor-widget elementor-widget-text-editor\" data-id=\"ed2a9e3\" data-element_type=\"widget\" data-widget_type=\"text-editor.default\">\n\t\t\t\t<div class=\"elementor-widget-container\">\n\t\t\t\t\t\t\t\t\tLos clientes fieles obtienen puntos de recompensa por cada centavo gastado en compras.\t\t\t\t\t\t\t\t<\/div>\n\t\t\t\t<\/div>\n\t\t\t\t<div class=\"elementor-element elementor-element-196545a elementor-widget elementor-widget-heading\" data-id=\"196545a\" data-element_type=\"widget\" data-widget_type=\"heading.default\">\n\t\t\t\t<div class=\"elementor-widget-container\">\n\t\t\t\t\t<h3 class=\"elementor-heading-title elementor-size-default\">OFERTAS EXCLUSIVAS<\/h3>\t\t\t\t<\/div>\n\t\t\t\t<\/div>\n\t\t\t\t<div class=\"elementor-element elementor-element-b22d656 elementor-widget elementor-widget-text-editor\" data-id=\"b22d656\" data-element_type=\"widget\" data-widget_type=\"text-editor.default\">\n\t\t\t\t<div class=\"elementor-widget-container\">\n\t\t\t\t\t\t\t\t\tCompre ofertas exclusivas especialmente para clientes de lealtad. Reciba ofertas semanales en su bandeja de entrada o a trav\u00e9s de la aplicaci\u00f3n.\t\t\t\t\t\t\t\t<\/div>\n\t\t\t\t<\/div>\n\t\t\t\t<div class=\"elementor-element elementor-element-ff59fd3 elementor-widget elementor-widget-heading\" data-id=\"ff59fd3\" data-element_type=\"widget\" data-widget_type=\"heading.default\">\n\t\t\t\t<div class=\"elementor-widget-container\">\n\t\t\t\t\t<h3 class=\"elementor-heading-title elementor-size-default\">CONVIERTA SUS PUNTOS EN EFECTIVO DE BONIFICACI\u00d3N<\/h3>\t\t\t\t<\/div>\n\t\t\t\t<\/div>\n\t\t\t\t<div class=\"elementor-element elementor-element-15532da elementor-widget elementor-widget-text-editor\" data-id=\"15532da\" data-element_type=\"widget\" data-widget_type=\"text-editor.default\">\n\t\t\t\t<div class=\"elementor-widget-container\">\n\t\t\t\t\t\t\t\t\t<p>10,000 points earned through purchases is equal to $5 in bonus cash that can be used on a future purchase. You don\u2019t have to wait to accrue 10,000 points to use your points as bonus cash. Use any accrued points at anytime on any future purchase.<sup>[4]<\/sup><\/p>\t\t\t\t\t\t\t\t<\/div>\n\t\t\t\t<\/div>\n\t\t\t\t\t<\/div>\n\t\t<\/div>\n\t\t\t\t\t<\/div>\n\t\t<\/section>\n\t\t\t\t<section class=\"elementor-section elementor-top-section elementor-element elementor-element-7aec624 elementor-hidden-desktop elementor-hidden-tablet elementor-hidden-mobile elementor-section-boxed elementor-section-height-default elementor-section-height-default\" data-id=\"7aec624\" data-element_type=\"section\">\n\t\t\t\t\t\t<div class=\"elementor-container elementor-column-gap-default\">\n\t\t\t\t\t<div class=\"elementor-column elementor-col-100 elementor-top-column elementor-element elementor-element-1190bd0\" data-id=\"1190bd0\" data-element_type=\"column\">\n\t\t\t<div class=\"elementor-widget-wrap elementor-element-populated\">\n\t\t\t\t\t\t<div class=\"elementor-element elementor-element-73dd38b elementor-widget elementor-widget-heading\" data-id=\"73dd38b\" data-element_type=\"widget\" data-widget_type=\"heading.default\">\n\t\t\t\t<div class=\"elementor-widget-container\">\n\t\t\t\t\t<h2 class=\"elementor-heading-title elementor-size-default\">Save the Member Portal to Your Phone<\/h2>\t\t\t\t<\/div>\n\t\t\t\t<\/div>\n\t\t\t\t<div class=\"elementor-element elementor-element-6ab7b4d elementor-widget elementor-widget-text-editor\" data-id=\"6ab7b4d\" data-element_type=\"widget\" data-widget_type=\"text-editor.default\">\n\t\t\t\t<div class=\"elementor-widget-container\">\n\t\t\t\t\t\t\t\t\t<p>Please follow these steps for your phone&#8217;s operating system to save a shortcut onto your home screen so you can have your card ready to be scanned to earn or use those valuable points.<\/p>\t\t\t\t\t\t\t\t<\/div>\n\t\t\t\t<\/div>\n\t\t\t\t<div class=\"elementor-element elementor-element-0969d66 elementor-widget elementor-widget-heading\" data-id=\"0969d66\" data-element_type=\"widget\" data-widget_type=\"heading.default\">\n\t\t\t\t<div class=\"elementor-widget-container\">\n\t\t\t\t\t<h3 class=\"elementor-heading-title elementor-size-default\">Apple Devices<\/h3>\t\t\t\t<\/div>\n\t\t\t\t<\/div>\n\t\t\t\t<div class=\"elementor-element elementor-element-fd28990 elementor-widget elementor-widget-text-editor\" data-id=\"fd28990\" data-element_type=\"widget\" data-widget_type=\"text-editor.default\">\n\t\t\t\t<div class=\"elementor-widget-container\">\n\t\t\t\t\t\t\t\t\t<ol><li>Open Safari and go to the <a href=\"https:\/\/drmthriftstore.datacandyinfo.com\/\">member portal<\/a>.<\/li><li>Tap the Share icon at the bottom.<\/li><li>Tap Add to Home Screen from the menu.<\/li><li>Type in a name for your shortcut, and then tap the Add button.<\/li><\/ol>\t\t\t\t\t\t\t\t<\/div>\n\t\t\t\t<\/div>\n\t\t\t\t<div class=\"elementor-element elementor-element-2f407f7 elementor-widget elementor-widget-heading\" data-id=\"2f407f7\" data-element_type=\"widget\" data-widget_type=\"heading.default\">\n\t\t\t\t<div class=\"elementor-widget-container\">\n\t\t\t\t\t<h3 class=\"elementor-heading-title elementor-size-default\">Android Devices<\/h3>\t\t\t\t<\/div>\n\t\t\t\t<\/div>\n\t\t\t\t<div class=\"elementor-element elementor-element-aecd5aa elementor-widget elementor-widget-text-editor\" data-id=\"aecd5aa\" data-element_type=\"widget\" data-widget_type=\"text-editor.default\">\n\t\t\t\t<div class=\"elementor-widget-container\">\n\t\t\t\t\t\t\t\t\t<ol><li>Open Chrome and go to the <a href=\"https:\/\/drmthriftstore.datacandyinfo.com\/\">member portal<\/a>.<\/li><li>Tap the menu icon (3 dots in upper right-hand corner) and tap Add to homescreen.<\/li><li>Enter a name for the shortcut.<\/li><li>Chrome will add it to your home screen.<\/li><\/ol>\t\t\t\t\t\t\t\t<\/div>\n\t\t\t\t<\/div>\n\t\t\t\t\t<\/div>\n\t\t<\/div>\n\t\t\t\t\t<\/div>\n\t\t<\/section>\n\t\t\t\t<section class=\"elementor-section elementor-top-section elementor-element elementor-element-f501f0c elementor-hidden-desktop elementor-hidden-tablet elementor-hidden-mobile elementor-section-boxed elementor-section-height-default elementor-section-height-default\" data-id=\"f501f0c\" data-element_type=\"section\">\n\t\t\t\t\t\t<div class=\"elementor-container elementor-column-gap-default\">\n\t\t\t\t\t<div class=\"elementor-column elementor-col-100 elementor-top-column elementor-element elementor-element-36cb366\" data-id=\"36cb366\" data-element_type=\"column\">\n\t\t\t<div class=\"elementor-widget-wrap elementor-element-populated\">\n\t\t\t\t\t\t<div class=\"elementor-element elementor-element-71304f6 elementor-widget elementor-widget-heading\" data-id=\"71304f6\" data-element_type=\"widget\" id=\"gift-card\" data-widget_type=\"heading.default\">\n\t\t\t\t<div class=\"elementor-widget-container\">\n\t\t\t\t\t<h2 class=\"elementor-heading-title elementor-size-default\">REGALA UN SENSIBLE<\/h2>\t\t\t\t<\/div>\n\t\t\t\t<\/div>\n\t\t\t\t<div class=\"elementor-element elementor-element-555a462 elementor-widget elementor-widget-text-editor\" data-id=\"555a462\" data-element_type=\"widget\" data-widget_type=\"text-editor.default\">\n\t\t\t\t<div class=\"elementor-widget-container\">\n\t\t\t\t\t\t\t\t\tGive a special someone a gift card. Whether it\u2019s $5 or up to $200, be a blessing to someone you care about. With no expiration date or fees, a gift card makes a sensible gift. You can also check you balance online.\t\t\t\t\t\t\t\t<\/div>\n\t\t\t\t<\/div>\n\t\t\t\t<div class=\"elementor-element elementor-element-828c4b0 elementor-align-justify elementor-widget elementor-widget-button\" data-id=\"828c4b0\" data-element_type=\"widget\" data-widget_type=\"button.default\">\n\t\t\t\t<div class=\"elementor-widget-container\">\n\t\t\t\t\t\t\t\t\t<div class=\"elementor-button-wrapper\">\n\t\t\t\t\t<a class=\"elementor-button elementor-button-link elementor-size-md\" href=\"https:\/\/drmthriftstore.checkyourcardbalance.com\/\" target=\"_blank\">\n\t\t\t\t\t\t<span class=\"elementor-button-content-wrapper\">\n\t\t\t\t\t\t\t\t\t<span class=\"elementor-button-text\">Verificar saldo de tarjeta de regalo<\/span>\n\t\t\t\t\t<\/span>\n\t\t\t\t\t<\/a>\n\t\t\t\t<\/div>\n\t\t\t\t\t\t\t\t<\/div>\n\t\t\t\t<\/div>\n\t\t\t\t<div class=\"elementor-element elementor-element-d740c52 elementor-widget-divider--view-line elementor-widget elementor-widget-divider\" data-id=\"d740c52\" data-element_type=\"widget\" data-widget_type=\"divider.default\">\n\t\t\t\t<div class=\"elementor-widget-container\">\n\t\t\t\t\t\t\t<div class=\"elementor-divider\">\n\t\t\t<span class=\"elementor-divider-separator\">\n\t\t\t\t\t\t<\/span>\n\t\t<\/div>\n\t\t\t\t\t\t<\/div>\n\t\t\t\t<\/div>\n\t\t\t\t<div class=\"elementor-element elementor-element-4ec3aca elementor-widget elementor-widget-text-editor\" data-id=\"4ec3aca\" data-element_type=\"widget\" data-widget_type=\"text-editor.default\">\n\t\t\t\t<div class=\"elementor-widget-container\">\n\t\t\t\t\t\t\t\t\t<ol>\n<li>Los puntos se otorgan en el subtotal (monto de la compra antes de impuestos). No se otorgan puntos por compras realizadas con puntos de fidelidad o tarjetas de regalo.<\/li>\n<li>Se otorgan 10,000 puntos de bonificaci\u00f3n por un perfil completo registrado en l\u00ednea o en la aplicaci\u00f3n. Un perfil completo consta de su nombre, apellido, direcci\u00f3n de correo electr\u00f3nico y c\u00f3digo postal.<\/li>\n<li>In-store loyalty cards must be registered online to be active.&nbsp; Information needed to be considered registered is first name, last name, e-mail address, and ZIP code.<\/li>\n<li>Un (1) punto de fidelidad es igual a $0.0005.<\/li>\n<\/ol>\t\t\t\t\t\t\t\t<\/div>\n\t\t\t\t<\/div>\n\t\t\t\t\t<\/div>\n\t\t<\/div>\n\t\t\t\t\t<\/div>\n\t\t<\/section>\n\t\t\t\t<\/div>","protected":false},"excerpt":{"rendered":"<p>To enroll in our Loyalty Program,&nbsp;please visit one of our Thrift Store Locations. To check the balance of your Loyalty Account, please visit https:\/\/thriftloyalty.com\/ Giving Back to Our Loyal Customers As a loyal customer, you can take advantage of program benefits that make shopping with us even more rewarding. Accrue points for every penny you [&hellip;]<\/p>","protected":false},"author":3,"featured_media":0,"parent":0,"menu_order":0,"comment_status":"closed","ping_status":"closed","template":"","meta":{"_acf_changed":false,"site-sidebar-layout":"default","site-content-layout":"default","ast-site-content-layout":"default","site-content-style":"default","site-sidebar-style":"default","ast-global-header-display":"","ast-banner-title-visibility":"","ast-main-header-display":"","ast-hfb-above-header-display":"","ast-hfb-below-header-display":"","ast-hfb-mobile-header-display":"","site-post-title":"","ast-breadcrumbs-content":"","ast-featured-img":"","footer-sml-layout":"","ast-disable-related-posts":"","theme-transparent-header-meta":"default","adv-header-id-meta":"","stick-header-meta":"","header-above-stick-meta":"","header-main-stick-meta":"","header-below-stick-meta":"","astra-migrate-meta-layouts":"default","ast-page-background-enabled":"default","ast-page-background-meta":{"desktop":{"background-color":"","background-image":"","background-repeat":"repeat","background-position":"center center","background-size":"auto","background-attachment":"scroll","background-type":"","background-media":"","overlay-type":"","overlay-color":"","overlay-opacity":"","overlay-gradient":""},"tablet":{"background-color":"","background-image":"","background-repeat":"repeat","background-position":"center center","background-size":"auto","background-attachment":"scroll","background-type":"","background-media":"","overlay-type":"","overlay-color":"","overlay-opacity":"","overlay-gradient":""},"mobile":{"background-color":"","background-image":"","background-repeat":"repeat","background-position":"center center","background-size":"auto","background-attachment":"scroll","background-type":"","background-media":"","overlay-type":"","overlay-color":"","overlay-opacity":"","overlay-gradient":""}},"ast-content-background-meta":{"desktop":{"background-color":"var(--ast-global-color-5)","background-image":"","background-repeat":"repeat","background-position":"center center","background-size":"auto","background-attachment":"scroll","background-type":"","background-media":"","overlay-type":"","overlay-color":"","overlay-opacity":"","overlay-gradient":""},"tablet":{"background-color":"var(--ast-global-color-5)","background-image":"","background-repeat":"repeat","background-position":"center center","background-size":"auto","background-attachment":"scroll","background-type":"","background-media":"","overlay-type":"","overlay-color":"","overlay-opacity":"","overlay-gradient":""},"mobile":{"background-color":"var(--ast-global-color-5)","background-image":"","background-repeat":"repeat","background-position":"center center","background-size":"auto","background-attachment":"scroll","background-type":"","background-media":"","overlay-type":"","overlay-color":"","overlay-opacity":"","overlay-gradient":""}},"footnotes":"","_elementor_version":"3.17.1","_elementor_css":null,"_wp_page_template":"default","_thumbnail_id":0,"_wp_old_slug":""},"class_list":["post-576","page","type-page","status-publish","hentry"],"acf":[],"yoast_head":"<!-- This site is optimized with the Yoast SEO plugin v25.4 - https:\/\/yoast.com\/wordpress\/plugins\/seo\/ -->\n<title>Loyalty Program &amp; Gift Cards - Rescue Missions Ministries Thrift Store<\/title>\n<meta name=\"robots\" content=\"index, follow, max-snippet:-1, max-image-preview:large, max-video-preview:-1\" \/>\n<link rel=\"canonical\" href=\"https:\/\/drmthriftstore.org\/es\/loyalty-program\/\" \/>\n<meta property=\"og:locale\" content=\"es_MX\" \/>\n<meta property=\"og:type\" content=\"article\" \/>\n<meta property=\"og:title\" content=\"Loyalty Program &amp; Gift Cards - Rescue Missions Ministries Thrift Store\" \/>\n<meta property=\"og:description\" content=\"To enroll in our Loyalty Program,&nbsp;please visit one of our Thrift Store Locations. To check the balance of your Loyalty Account, please visit https:\/\/thriftloyalty.com\/ Giving Back to Our Loyal Customers As a loyal customer, you can take advantage of program benefits that make shopping with us even more rewarding. Accrue points for every penny you [&hellip;]\" \/>\n<meta property=\"og:url\" content=\"https:\/\/drmthriftstore.org\/es\/loyalty-program\/\" \/>\n<meta property=\"og:site_name\" content=\"Rescue Missions Ministries Thrift Store\" \/>\n<meta property=\"article:modified_time\" content=\"2023-10-31T14:03:54+00:00\" \/>\n<meta name=\"twitter:card\" content=\"summary_large_image\" \/>\n<meta name=\"twitter:label1\" content=\"Tiempo de lectura\" \/>\n\t<meta name=\"twitter:data1\" content=\"2 minutos\" \/>\n<script type=\"application\/ld+json\" class=\"yoast-schema-graph\">{\"@context\":\"https:\/\/schema.org\",\"@graph\":[{\"@type\":\"WebPage\",\"@id\":\"https:\/\/drmthriftstore.org\/loyalty-program\/\",\"url\":\"https:\/\/drmthriftstore.org\/loyalty-program\/\",\"name\":\"Loyalty Program & Gift Cards - Rescue Missions Ministries Thrift Store\",\"isPartOf\":{\"@id\":\"https:\/\/drmthriftstore.org\/#website\"},\"datePublished\":\"2020-03-20T08:04:02+00:00\",\"dateModified\":\"2023-10-31T14:03:54+00:00\",\"breadcrumb\":{\"@id\":\"https:\/\/drmthriftstore.org\/loyalty-program\/#breadcrumb\"},\"inLanguage\":\"es\",\"potentialAction\":[{\"@type\":\"ReadAction\",\"target\":[\"https:\/\/drmthriftstore.org\/loyalty-program\/\"]}]},{\"@type\":\"BreadcrumbList\",\"@id\":\"https:\/\/drmthriftstore.org\/loyalty-program\/#breadcrumb\",\"itemListElement\":[{\"@type\":\"ListItem\",\"position\":1,\"name\":\"Home\",\"item\":\"https:\/\/drmthriftstore.org\/\"},{\"@type\":\"ListItem\",\"position\":2,\"name\":\"Loyalty Program &#038; Gift Cards\"}]},{\"@type\":\"WebSite\",\"@id\":\"https:\/\/drmthriftstore.org\/#website\",\"url\":\"https:\/\/drmthriftstore.org\/\",\"name\":\"Rescue Missions Ministries Thrift Store\",\"description\":\"Thrift Stores in Durham, Raleigh, Wake Forest, Chapel Hill\",\"potentialAction\":[{\"@type\":\"SearchAction\",\"target\":{\"@type\":\"EntryPoint\",\"urlTemplate\":\"https:\/\/drmthriftstore.org\/?s={search_term_string}\"},\"query-input\":{\"@type\":\"PropertyValueSpecification\",\"valueRequired\":true,\"valueName\":\"search_term_string\"}}],\"inLanguage\":\"es\"}]}<\/script>\n<!-- \/ Yoast SEO plugin. -->","yoast_head_json":{"title":"Loyalty Program & Gift Cards - Rescue Missions Ministries Thrift Store","robots":{"index":"index","follow":"follow","max-snippet":"max-snippet:-1","max-image-preview":"max-image-preview:large","max-video-preview":"max-video-preview:-1"},"canonical":"https:\/\/drmthriftstore.org\/es\/loyalty-program\/","og_locale":"es_MX","og_type":"article","og_title":"Loyalty Program & Gift Cards - Rescue Missions Ministries Thrift Store","og_description":"To enroll in our Loyalty Program,&nbsp;please visit one of our Thrift Store Locations. To check the balance of your Loyalty Account, please visit https:\/\/thriftloyalty.com\/ Giving Back to Our Loyal Customers As a loyal customer, you can take advantage of program benefits that make shopping with us even more rewarding. Accrue points for every penny you [&hellip;]","og_url":"https:\/\/drmthriftstore.org\/es\/loyalty-program\/","og_site_name":"Rescue Missions Ministries Thrift Store","article_modified_time":"2023-10-31T14:03:54+00:00","twitter_card":"summary_large_image","twitter_misc":{"Tiempo de lectura":"2 minutos"},"schema":{"@context":"https:\/\/schema.org","@graph":[{"@type":"WebPage","@id":"https:\/\/drmthriftstore.org\/loyalty-program\/","url":"https:\/\/drmthriftstore.org\/loyalty-program\/","name":"Loyalty Program & Gift Cards - Rescue Missions Ministries Thrift Store","isPartOf":{"@id":"https:\/\/drmthriftstore.org\/#website"},"datePublished":"2020-03-20T08:04:02+00:00","dateModified":"2023-10-31T14:03:54+00:00","breadcrumb":{"@id":"https:\/\/drmthriftstore.org\/loyalty-program\/#breadcrumb"},"inLanguage":"es","potentialAction":[{"@type":"ReadAction","target":["https:\/\/drmthriftstore.org\/loyalty-program\/"]}]},{"@type":"BreadcrumbList","@id":"https:\/\/drmthriftstore.org\/loyalty-program\/#breadcrumb","itemListElement":[{"@type":"ListItem","position":1,"name":"Home","item":"https:\/\/drmthriftstore.org\/"},{"@type":"ListItem","position":2,"name":"Loyalty Program &#038; Gift Cards"}]},{"@type":"WebSite","@id":"https:\/\/drmthriftstore.org\/#website","url":"https:\/\/drmthriftstore.org\/","name":"Rescue Missions Ministries Thrift Store","description":"Thrift Stores in Durham, Raleigh, Wake Forest, Chapel Hill","potentialAction":[{"@type":"SearchAction","target":{"@type":"EntryPoint","urlTemplate":"https:\/\/drmthriftstore.org\/?s={search_term_string}"},"query-input":{"@type":"PropertyValueSpecification","valueRequired":true,"valueName":"search_term_string"}}],"inLanguage":"es"}]}},"_links":{"self":[{"href":"https:\/\/drmthriftstore.org\/es\/wp-json\/wp\/v2\/pages\/576","targetHints":{"allow":["GET"]}}],"collection":[{"href":"https:\/\/drmthriftstore.org\/es\/wp-json\/wp\/v2\/pages"}],"about":[{"href":"https:\/\/drmthriftstore.org\/es\/wp-json\/wp\/v2\/types\/page"}],"author":[{"embeddable":true,"href":"https:\/\/drmthriftstore.org\/es\/wp-json\/wp\/v2\/users\/3"}],"replies":[{"embeddable":true,"href":"https:\/\/drmthriftstore.org\/es\/wp-json\/wp\/v2\/comments?post=576"}],"version-history":[{"count":0,"href":"https:\/\/drmthriftstore.org\/es\/wp-json\/wp\/v2\/pages\/576\/revisions"}],"wp:attachment":[{"href":"https:\/\/drmthriftstore.org\/es\/wp-json\/wp\/v2\/media?parent=576"}],"curies":[{"name":"wp","href":"https:\/\/api.w.org\/{rel}","templated":true}]}}