{"id":720,"date":"2020-05-19T15:05:58","date_gmt":"2020-05-19T19:05:58","guid":{"rendered":"https:\/\/rmmthriftstore.org\/?page_id=720"},"modified":"2025-07-04T16:27:34","modified_gmt":"2025-07-04T20:27:34","slug":"playground","status":"publish","type":"page","link":"https:\/\/drmthriftstore.org\/es\/playground\/","title":{"rendered":"Playground"},"content":{"rendered":"<div data-elementor-type=\"wp-page\" data-elementor-id=\"720\" class=\"elementor elementor-720\" data-elementor-post-type=\"page\">\n\t\t\t\t\t\t<section class=\"elementor-section elementor-top-section elementor-element elementor-element-59df5f6 elementor-section-boxed elementor-section-height-default elementor-section-height-default\" data-id=\"59df5f6\" data-element_type=\"section\">\n\t\t\t\t\t\t<div class=\"elementor-container elementor-column-gap-default\">\n\t\t\t\t\t<div class=\"elementor-column elementor-col-100 elementor-top-column elementor-element elementor-element-fb16ac9\" data-id=\"fb16ac9\" data-element_type=\"column\">\n\t\t\t<div class=\"elementor-widget-wrap elementor-element-populated\">\n\t\t\t\t\t\t<div class=\"elementor-element elementor-element-8fcde7e elementor-widget elementor-widget-heading\" data-id=\"8fcde7e\" data-element_type=\"widget\" data-widget_type=\"heading.default\">\n\t\t\t\t<div class=\"elementor-widget-container\">\n\t\t\t\t\t<h2 class=\"elementor-heading-title elementor-size-default\">Ready to Schedule a Pick-up?<\/h2>\t\t\t\t<\/div>\n\t\t\t\t<\/div>\n\t\t\t\t<div class=\"elementor-element elementor-element-a8264c3 elementor-widget elementor-widget-text-editor\" data-id=\"a8264c3\" data-element_type=\"widget\" data-widget_type=\"text-editor.default\">\n\t\t\t\t<div class=\"elementor-widget-container\">\n\t\t\t\t\t\t\t\t\t<p>Recogemos en Raleigh, Durham, Cary, Chapel Hill, Hillsborough y otras partes del Tri\u00e1ngulo.<\/p>\t\t\t\t\t\t\t\t<\/div>\n\t\t\t\t<\/div>\n\t\t\t\t<div class=\"elementor-element elementor-element-45fca51 elementor-button-align-start elementor-widget elementor-widget-form\" data-id=\"45fca51\" data-element_type=\"widget\" data-settings=\"{&quot;step_next_label&quot;:&quot;Next&quot;,&quot;step_previous_label&quot;:&quot;Previous&quot;,&quot;button_width&quot;:&quot;100&quot;,&quot;step_type&quot;:&quot;number_text&quot;,&quot;step_icon_shape&quot;:&quot;circle&quot;}\" data-widget_type=\"form.default\">\n\t\t\t\t<div class=\"elementor-widget-container\">\n\t\t\t\t\t\t\t<form class=\"elementor-form\" method=\"post\" id=\"pickup-page-form-2\" name=\"Schedule Pick-up 2\" aria-label=\"Schedule Pick-up 2\" action=\"\">\n\t\t\t<input type=\"hidden\" name=\"post_id\" value=\"720\"\/>\n\t\t\t<input type=\"hidden\" name=\"form_id\" value=\"45fca51\"\/>\n\t\t\t<input type=\"hidden\" name=\"referer_title\" value=\"Rescue Missions Ministries Thrift Store\" \/>\n\n\t\t\t\n\t\t\t<div class=\"elementor-form-fields-wrapper elementor-labels-\">\n\t\t\t\t\t\t\t\t<div class=\"elementor-field-type-select elementor-field-group elementor-column elementor-field-group-items2 elementor-col-100 elementor-field-required\">\n\t\t\t\t\t\t\t\t\t\t\t\t<label for=\"form-field-items2\" class=\"elementor-field-label elementor-screen-only\">\n\t\t\t\t\t\t\t\tArt\u00edculos\t\t\t\t\t\t\t<\/label>\n\t\t\t\t\t\t\t\t<div class=\"elementor-field elementor-select-wrapper remove-before\">\n\t\t\t<div class=\"select-caret-down-wrapper\">\n\t\t\t\t<i aria-hidden=\"true\" class=\"eicon-caret-down\"><\/i>\t\t\t<\/div>\n\t\t\t<select name=\"form_fields[items2]\" id=\"form-field-items2\" class=\"elementor-field-textual elementor-size-xs\" required=\"required\">\n\t\t\t\t\t\t\t\t\t<option value=\"\">\u00bfQu\u00e9 art\u00edculos te gustar\u00eda donar? <\/option>\n\t\t\t\t\t\t\t\t\t<option value=\"Large Furniture (Sofa, couch, bedroom suite, kitchen set)\">Muebles grandes (sof\u00e1, sof\u00e1, dormitorio, juego de cocina)<\/option>\n\t\t\t\t\t\t\t\t\t<option value=\"Medium Furniture (Recliner, chair, arm chair, dresser)\">Muebles medianos (reclinable, silla, sill\u00f3n, tocador)<\/option>\n\t\t\t\t\t\t\t\t\t<option value=\"Large Appliance (Washer, dryer, freezer, refrigerator, oven)\">Aparato grande (lavadora, secadora, congelador, refrigerador, horno)<\/option>\n\t\t\t\t\t\t\t\t\t<option value=\"Medium General (Bikes, TV&#039;s, exercise equipment, rugs)\">Medio general (bicicletas, TV y #039; s, equipo de ejercicio, alfombras)<\/option>\n\t\t\t\t\t\t\t<\/select>\n\t\t<\/div>\n\t\t\t\t\t\t<\/div>\n\t\t\t\t\t\t\t\t<div class=\"elementor-field-type-textarea elementor-field-group elementor-column elementor-field-group-description2 elementor-col-100 elementor-field-required\">\n\t\t\t\t\t\t\t\t\t\t\t\t<label for=\"form-field-description2\" class=\"elementor-field-label elementor-screen-only\">\n\t\t\t\t\t\t\t\tDescripci\u00f3n\t\t\t\t\t\t\t<\/label>\n\t\t\t\t\t\t<textarea class=\"elementor-field-textual elementor-field  elementor-size-xs\" name=\"form_fields[description2]\" id=\"form-field-description2\" rows=\"2\" placeholder=\"Breve descripci\u00f3n\" required=\"required\"><\/textarea>\t\t\t\t<\/div>\n\t\t\t\t\t\t\t\t<div class=\"elementor-field-type-select elementor-field-group elementor-column elementor-field-group-condition2 elementor-col-100 elementor-field-required\">\n\t\t\t\t\t\t\t\t\t\t\t\t<label for=\"form-field-condition2\" class=\"elementor-field-label elementor-screen-only\">\n\t\t\t\t\t\t\t\tRoto \/ Da\u00f1ado\t\t\t\t\t\t\t<\/label>\n\t\t\t\t\t\t\t\t<div class=\"elementor-field elementor-select-wrapper remove-before\">\n\t\t\t<div class=\"select-caret-down-wrapper\">\n\t\t\t\t<i aria-hidden=\"true\" class=\"eicon-caret-down\"><\/i>\t\t\t<\/div>\n\t\t\t<select name=\"form_fields[condition2]\" id=\"form-field-condition2\" class=\"elementor-field-textual elementor-size-xs\" required=\"required\">\n\t\t\t\t\t\t\t\t\t<option value=\"\">\u00bfSu donaci\u00f3n est\u00e1 rota o da\u00f1ada de alguna manera? <\/option>\n\t\t\t\t\t\t\t\t\t<option value=\"YES\">SI<\/option>\n\t\t\t\t\t\t\t\t\t<option value=\"NO\">NO<\/option>\n\t\t\t\t\t\t\t<\/select>\n\t\t<\/div>\n\t\t\t\t\t\t<\/div>\n\t\t\t\t\t\t\t\t<div class=\"elementor-field-type-select elementor-field-group elementor-column elementor-field-group-smoker2 elementor-col-100 elementor-field-required\">\n\t\t\t\t\t\t\t\t\t\t\t\t<label for=\"form-field-smoker2\" class=\"elementor-field-label elementor-screen-only\">\n\t\t\t\t\t\t\t\tFumador\t\t\t\t\t\t\t<\/label>\n\t\t\t\t\t\t\t\t<div class=\"elementor-field elementor-select-wrapper remove-before\">\n\t\t\t<div class=\"select-caret-down-wrapper\">\n\t\t\t\t<i aria-hidden=\"true\" class=\"eicon-caret-down\"><\/i>\t\t\t<\/div>\n\t\t\t<select name=\"form_fields[smoker2]\" id=\"form-field-smoker2\" class=\"elementor-field-textual elementor-size-xs\" required=\"required\">\n\t\t\t\t\t\t\t\t\t<option value=\"\">\u00bfTu donaci\u00f3n ha estado en un ambiente humeante? <\/option>\n\t\t\t\t\t\t\t\t\t<option value=\"YES\">SI<\/option>\n\t\t\t\t\t\t\t\t\t<option value=\"NO\">NO<\/option>\n\t\t\t\t\t\t\t<\/select>\n\t\t<\/div>\n\t\t\t\t\t\t<\/div>\n\t\t\t\t\t\t\t\t<div class=\"elementor-field-type-select elementor-field-group elementor-column elementor-field-group-pets2 elementor-col-100 elementor-field-required\">\n\t\t\t\t\t\t\t\t\t\t\t\t<label for=\"form-field-pets2\" class=\"elementor-field-label elementor-screen-only\">\n\t\t\t\t\t\t\t\tMascotas\t\t\t\t\t\t\t<\/label>\n\t\t\t\t\t\t\t\t<div class=\"elementor-field elementor-select-wrapper remove-before\">\n\t\t\t<div class=\"select-caret-down-wrapper\">\n\t\t\t\t<i aria-hidden=\"true\" class=\"eicon-caret-down\"><\/i>\t\t\t<\/div>\n\t\t\t<select name=\"form_fields[pets2]\" id=\"form-field-pets2\" class=\"elementor-field-textual elementor-size-xs\" required=\"required\">\n\t\t\t\t\t\t\t\t\t<option value=\"\">\u00bfTu donaci\u00f3n ha sido en un ambiente que admite mascotas? <\/option>\n\t\t\t\t\t\t\t\t\t<option value=\"YES\">SI<\/option>\n\t\t\t\t\t\t\t\t\t<option value=\"NO\">NO<\/option>\n\t\t\t\t\t\t\t<\/select>\n\t\t<\/div>\n\t\t\t\t\t\t<\/div>\n\t\t\t\t\t\t\t\t<div class=\"elementor-field-type-text elementor-field-group elementor-column elementor-field-group-firstname2 elementor-col-50 elementor-field-required\">\n\t\t\t\t\t\t\t\t\t\t\t\t<label for=\"form-field-firstname2\" class=\"elementor-field-label elementor-screen-only\">\n\t\t\t\t\t\t\t\tNombre de pila\t\t\t\t\t\t\t<\/label>\n\t\t\t\t\t\t\t\t\t\t\t\t\t\t<input size=\"1\" type=\"text\" name=\"form_fields[firstname2]\" id=\"form-field-firstname2\" class=\"elementor-field elementor-size-xs  elementor-field-textual\" placeholder=\"Nombre de pila\" required=\"required\">\n\t\t\t\t\t\t\t\t\t\t\t<\/div>\n\t\t\t\t\t\t\t\t<div class=\"elementor-field-type-text elementor-field-group elementor-column elementor-field-group-lastname2 elementor-col-50 elementor-field-required\">\n\t\t\t\t\t\t\t\t\t\t\t\t<label for=\"form-field-lastname2\" class=\"elementor-field-label elementor-screen-only\">\n\t\t\t\t\t\t\t\tApellido\t\t\t\t\t\t\t<\/label>\n\t\t\t\t\t\t\t\t\t\t\t\t\t\t<input size=\"1\" type=\"text\" name=\"form_fields[lastname2]\" id=\"form-field-lastname2\" class=\"elementor-field elementor-size-xs  elementor-field-textual\" placeholder=\"Apellido\" required=\"required\">\n\t\t\t\t\t\t\t\t\t\t\t<\/div>\n\t\t\t\t\t\t\t\t<div class=\"elementor-field-type-text elementor-field-group elementor-column elementor-field-group-address2 elementor-col-50 elementor-field-required\">\n\t\t\t\t\t\t\t\t\t\t\t\t<label for=\"form-field-address2\" class=\"elementor-field-label elementor-screen-only\">\n\t\t\t\t\t\t\t\tHabla a\t\t\t\t\t\t\t<\/label>\n\t\t\t\t\t\t\t\t\t\t\t\t\t\t<input size=\"1\" type=\"text\" name=\"form_fields[address2]\" id=\"form-field-address2\" class=\"elementor-field elementor-size-xs  elementor-field-textual\" placeholder=\"Habla a\" required=\"required\">\n\t\t\t\t\t\t\t\t\t\t\t<\/div>\n\t\t\t\t\t\t\t\t<div class=\"elementor-field-type-text elementor-field-group elementor-column elementor-field-group-city2 elementor-col-30 elementor-field-required\">\n\t\t\t\t\t\t\t\t\t\t\t\t<label for=\"form-field-city2\" class=\"elementor-field-label elementor-screen-only\">\n\t\t\t\t\t\t\t\tCiudad\t\t\t\t\t\t\t<\/label>\n\t\t\t\t\t\t\t\t\t\t\t\t\t\t<input size=\"1\" type=\"text\" name=\"form_fields[city2]\" id=\"form-field-city2\" class=\"elementor-field elementor-size-xs  elementor-field-textual\" placeholder=\"Ciudad\" required=\"required\">\n\t\t\t\t\t\t\t\t\t\t\t<\/div>\n\t\t\t\t\t\t\t\t<div class=\"elementor-field-type-text elementor-field-group elementor-column elementor-field-group-state2 elementor-col-10 elementor-field-required\">\n\t\t\t\t\t\t\t\t\t\t\t\t<label for=\"form-field-state2\" class=\"elementor-field-label elementor-screen-only\">\n\t\t\t\t\t\t\t\tEstado\t\t\t\t\t\t\t<\/label>\n\t\t\t\t\t\t\t\t\t\t\t\t\t\t<input size=\"1\" type=\"text\" name=\"form_fields[state2]\" id=\"form-field-state2\" class=\"elementor-field elementor-size-xs  elementor-field-textual\" placeholder=\"Estado\" value=\"NC\" required=\"required\">\n\t\t\t\t\t\t\t\t\t\t\t<\/div>\n\t\t\t\t\t\t\t\t<div class=\"elementor-field-type-text elementor-field-group elementor-column elementor-field-group-zip2 elementor-col-10 elementor-field-required\">\n\t\t\t\t\t\t\t\t\t\t\t\t<label for=\"form-field-zip2\" class=\"elementor-field-label elementor-screen-only\">\n\t\t\t\t\t\t\t\tC\u00d3DIGO POSTAL\t\t\t\t\t\t\t<\/label>\n\t\t\t\t\t\t\t\t\t\t\t\t\t\t<input size=\"1\" type=\"text\" name=\"form_fields[zip2]\" id=\"form-field-zip2\" class=\"elementor-field elementor-size-xs  elementor-field-textual\" placeholder=\"C\u00d3DIGO POSTAL\" required=\"required\">\n\t\t\t\t\t\t\t\t\t\t\t<\/div>\n\t\t\t\t\t\t\t\t<div class=\"elementor-field-type-text elementor-field-group elementor-column elementor-field-group-email2 elementor-col-50 elementor-field-required\">\n\t\t\t\t\t\t\t\t\t\t\t\t<label for=\"form-field-email2\" class=\"elementor-field-label elementor-screen-only\">\n\t\t\t\t\t\t\t\tE-mail\t\t\t\t\t\t\t<\/label>\n\t\t\t\t\t\t\t\t\t\t\t\t\t\t<input size=\"1\" type=\"text\" name=\"form_fields[email2]\" id=\"form-field-email2\" class=\"elementor-field elementor-size-xs  elementor-field-textual\" placeholder=\"E-mail\" required=\"required\">\n\t\t\t\t\t\t\t\t\t\t\t<\/div>\n\t\t\t\t\t\t\t\t<div class=\"elementor-field-type-text elementor-field-group elementor-column elementor-field-group-phone2 elementor-col-50 elementor-field-required\">\n\t\t\t\t\t\t\t\t\t\t\t\t<label for=\"form-field-phone2\" class=\"elementor-field-label elementor-screen-only\">\n\t\t\t\t\t\t\t\tTel\u00e9fono\t\t\t\t\t\t\t<\/label>\n\t\t\t\t\t\t\t\t\t\t\t\t\t\t<input size=\"1\" type=\"text\" name=\"form_fields[phone2]\" id=\"form-field-phone2\" class=\"elementor-field elementor-size-xs  elementor-field-textual\" placeholder=\"Tel\u00e9fono\" required=\"required\">\n\t\t\t\t\t\t\t\t\t\t\t<\/div>\n\t\t\t\t\t\t\t\t<div class=\"elementor-field-type-recaptcha_v3 elementor-field-group elementor-column elementor-field-group-field_8bd0ebe elementor-col-100 recaptcha_v3-bottomright\">\n\t\t\t\t\t<div class=\"elementor-field\" id=\"form-field-field_8bd0ebe\"><div class=\"elementor-g-recaptcha\" data-sitekey=\"6LdPQD8cAAAAAFiVAC9VbF_CiLpGGiyFERwrIclx\" data-type=\"v3\" data-action=\"Form\" data-badge=\"bottomright\" data-size=\"invisible\"><\/div><\/div>\t\t\t\t<\/div>\n\t\t\t\t\t\t\t\t<div class=\"elementor-field-group elementor-column elementor-field-type-submit elementor-col-100 e-form__buttons\">\n\t\t\t\t\t<button class=\"elementor-button elementor-size-sm\" type=\"submit\">\n\t\t\t\t\t\t<span class=\"elementor-button-content-wrapper\">\n\t\t\t\t\t\t\t\t\t\t\t\t\t\t\t\t\t\t\t\t\t\t<span class=\"elementor-button-text\">Submit Pick-up Request<\/span>\n\t\t\t\t\t\t\t\t\t\t\t\t\t<\/span>\n\t\t\t\t\t<\/button>\n\t\t\t\t<\/div>\n\t\t\t<\/div>\n\t\t<input type=\"hidden\" name=\"trp-form-language\" value=\"es\"\/><\/form>\n\t\t\t\t\t\t<\/div>\n\t\t\t\t<\/div>\n\t\t\t\t<div class=\"elementor-element elementor-element-b0d0f8c elementor-widget elementor-widget-text-editor\" data-id=\"b0d0f8c\" data-element_type=\"widget\" data-widget_type=\"text-editor.default\">\n\t\t\t\t<div class=\"elementor-widget-container\">\n\t\t\t\t\t\t\t\t\t<p>Nota: Desafortunadamente, debido al aumento en el costo del combustible y los costos asociados a nuestro ministerio, nuestro departamento de transporte no puede realizar viajes para art\u00edculos peque\u00f1os o de venta de garaje. Las donaciones deben contener al menos uno de los siguientes: muebles grandes, muebles medianos o electrodom\u00e9sticos grandes. El \u00e1rea de recogida est\u00e1 limitada al \u00e1rea del Tri\u00e1ngulo de Carolina del Norte.<\/p>\t\t\t\t\t\t\t\t<\/div>\n\t\t\t\t<\/div>\n\t\t\t\t\t<\/div>\n\t\t<\/div>\n\t\t\t\t\t<\/div>\n\t\t<\/section>\n\t\t\t\t<section class=\"elementor-section elementor-top-section elementor-element elementor-element-ae33e69 drm-cont-2 elementor-section-boxed elementor-section-height-default elementor-section-height-default\" data-id=\"ae33e69\" data-element_type=\"section\">\n\t\t\t\t\t\t<div class=\"elementor-container elementor-column-gap-default\">\n\t\t\t\t\t<div class=\"elementor-column elementor-col-100 elementor-top-column elementor-element elementor-element-42ab068\" data-id=\"42ab068\" data-element_type=\"column\">\n\t\t\t<div class=\"elementor-widget-wrap elementor-element-populated\">\n\t\t\t\t\t\t<div class=\"elementor-element elementor-element-300923d elementor-widget elementor-widget-heading\" data-id=\"300923d\" data-element_type=\"widget\" data-widget_type=\"heading.default\">\n\t\t\t\t<div class=\"elementor-widget-container\">\n\t\t\t\t\t<h3 class=\"elementor-heading-title elementor-size-default\">Para soporte o asistencia adicional, comun\u00edquese con nuestro Departamento de Transporte:<\/h3>\t\t\t\t<\/div>\n\t\t\t\t<\/div>\n\t\t\t\t<div class=\"elementor-element elementor-element-d13bf73 elementor-widget elementor-widget-text-editor\" data-id=\"d13bf73\" data-element_type=\"widget\" data-widget_type=\"text-editor.default\">\n\t\t\t\t<div class=\"elementor-widget-container\">\n\t\t\t\t\t\t\t\t\t<p><strong>Ministerios de Misiones de Rescate, Inc.<\/strong><br \/>Departamento de transporte<br \/>PO Box 11858<br \/>Durham, NC 27703<br \/>(919)\u00a0797-0691<\/p>\t\t\t\t\t\t\t\t<\/div>\n\t\t\t\t<\/div>\n\t\t\t\t\t<\/div>\n\t\t<\/div>\n\t\t\t\t\t<\/div>\n\t\t<\/section>\n\t\t\t\t<\/div>","protected":false},"excerpt":{"rendered":"<p>Ready to Schedule a Pick-up? We pick up in Raleigh, Durham, Cary, Chapel Hill, Hillsborough, and other parts of the Triangle. Note: Unfortunately, due to the rising cost of fuel and associated costs to our ministry, our transportation department is not able to make trips for small or yard sale items. Donations must contain at [&hellip;]<\/p>","protected":false},"author":4,"featured_media":0,"parent":0,"menu_order":0,"comment_status":"closed","ping_status":"closed","template":"","meta":{"_acf_changed":false,"site-sidebar-layout":"no-sidebar","site-content-layout":"page-builder","ast-site-content-layout":"default","site-content-style":"default","site-sidebar-style":"default","ast-global-header-display":"","ast-banner-title-visibility":"","ast-main-header-display":"","ast-hfb-above-header-display":"","ast-hfb-below-header-display":"","ast-hfb-mobile-header-display":"","site-post-title":"disabled","ast-breadcrumbs-content":"","ast-featured-img":"disabled","footer-sml-layout":"","ast-disable-related-posts":"","theme-transparent-header-meta":"","adv-header-id-meta":"","stick-header-meta":"","header-above-stick-meta":"","header-main-stick-meta":"","header-below-stick-meta":"","astra-migrate-meta-layouts":"default","ast-page-background-enabled":"default","ast-page-background-meta":{"desktop":{"background-color":"","background-image":"","background-repeat":"repeat","background-position":"center center","background-size":"auto","background-attachment":"scroll","background-type":"","background-media":"","overlay-type":"","overlay-color":"","overlay-opacity":"","overlay-gradient":""},"tablet":{"background-color":"","background-image":"","background-repeat":"repeat","background-position":"center center","background-size":"auto","background-attachment":"scroll","background-type":"","background-media":"","overlay-type":"","overlay-color":"","overlay-opacity":"","overlay-gradient":""},"mobile":{"background-color":"","background-image":"","background-repeat":"repeat","background-position":"center center","background-size":"auto","background-attachment":"scroll","background-type":"","background-media":"","overlay-type":"","overlay-color":"","overlay-opacity":"","overlay-gradient":""}},"ast-content-background-meta":{"desktop":{"background-color":"var(--ast-global-color-5)","background-image":"","background-repeat":"repeat","background-position":"center center","background-size":"auto","background-attachment":"scroll","background-type":"","background-media":"","overlay-type":"","overlay-color":"","overlay-opacity":"","overlay-gradient":""},"tablet":{"background-color":"var(--ast-global-color-5)","background-image":"","background-repeat":"repeat","background-position":"center center","background-size":"auto","background-attachment":"scroll","background-type":"","background-media":"","overlay-type":"","overlay-color":"","overlay-opacity":"","overlay-gradient":""},"mobile":{"background-color":"var(--ast-global-color-5)","background-image":"","background-repeat":"repeat","background-position":"center center","background-size":"auto","background-attachment":"scroll","background-type":"","background-media":"","overlay-type":"","overlay-color":"","overlay-opacity":"","overlay-gradient":""}},"footnotes":"","_elementor_version":"3.29.2","_elementor_css":null,"_wp_page_template":"default","_thumbnail_id":0,"_wp_old_slug":""},"class_list":["post-720","page","type-page","status-publish","hentry"],"acf":[],"yoast_head":"<!-- This site is optimized with the Yoast SEO plugin v25.4 - https:\/\/yoast.com\/wordpress\/plugins\/seo\/ -->\n<title>Playground - Rescue Missions Ministries Thrift Store<\/title>\n<meta name=\"robots\" content=\"index, follow, max-snippet:-1, max-image-preview:large, max-video-preview:-1\" \/>\n<link rel=\"canonical\" href=\"https:\/\/drmthriftstore.org\/es\/playground\/\" \/>\n<meta property=\"og:locale\" content=\"es_MX\" \/>\n<meta property=\"og:type\" content=\"article\" \/>\n<meta property=\"og:title\" content=\"Playground - Rescue Missions Ministries Thrift Store\" \/>\n<meta property=\"og:description\" content=\"Ready to Schedule a Pick-up? We pick up in Raleigh, Durham, Cary, Chapel Hill, Hillsborough, and other parts of the Triangle. Note: Unfortunately, due to the rising cost of fuel and associated costs to our ministry, our transportation department is not able to make trips for small or yard sale items. Donations must contain at [&hellip;]\" \/>\n<meta property=\"og:url\" content=\"https:\/\/drmthriftstore.org\/es\/playground\/\" \/>\n<meta property=\"og:site_name\" content=\"Rescue Missions Ministries Thrift Store\" \/>\n<meta property=\"article:modified_time\" content=\"2025-07-04T20:27:34+00:00\" \/>\n<meta name=\"twitter:card\" content=\"summary_large_image\" \/>\n<meta name=\"twitter:label1\" content=\"Tiempo de lectura\" \/>\n\t<meta name=\"twitter:data1\" content=\"1 minuto\" \/>\n<script type=\"application\/ld+json\" class=\"yoast-schema-graph\">{\"@context\":\"https:\/\/schema.org\",\"@graph\":[{\"@type\":\"WebPage\",\"@id\":\"https:\/\/drmthriftstore.org\/playground\/\",\"url\":\"https:\/\/drmthriftstore.org\/playground\/\",\"name\":\"Playground - Rescue Missions Ministries Thrift Store\",\"isPartOf\":{\"@id\":\"https:\/\/drmthriftstore.org\/#website\"},\"datePublished\":\"2020-05-19T19:05:58+00:00\",\"dateModified\":\"2025-07-04T20:27:34+00:00\",\"breadcrumb\":{\"@id\":\"https:\/\/drmthriftstore.org\/playground\/#breadcrumb\"},\"inLanguage\":\"es\",\"potentialAction\":[{\"@type\":\"ReadAction\",\"target\":[\"https:\/\/drmthriftstore.org\/playground\/\"]}]},{\"@type\":\"BreadcrumbList\",\"@id\":\"https:\/\/drmthriftstore.org\/playground\/#breadcrumb\",\"itemListElement\":[{\"@type\":\"ListItem\",\"position\":1,\"name\":\"Home\",\"item\":\"https:\/\/drmthriftstore.org\/\"},{\"@type\":\"ListItem\",\"position\":2,\"name\":\"Playground\"}]},{\"@type\":\"WebSite\",\"@id\":\"https:\/\/drmthriftstore.org\/#website\",\"url\":\"https:\/\/drmthriftstore.org\/\",\"name\":\"Rescue Missions Ministries Thrift Store\",\"description\":\"Thrift Stores in Durham, Raleigh, Wake Forest, Chapel Hill\",\"potentialAction\":[{\"@type\":\"SearchAction\",\"target\":{\"@type\":\"EntryPoint\",\"urlTemplate\":\"https:\/\/drmthriftstore.org\/?s={search_term_string}\"},\"query-input\":{\"@type\":\"PropertyValueSpecification\",\"valueRequired\":true,\"valueName\":\"search_term_string\"}}],\"inLanguage\":\"es\"}]}<\/script>\n<!-- \/ Yoast SEO plugin. -->","yoast_head_json":{"title":"Playground - Rescue Missions Ministries Thrift Store","robots":{"index":"index","follow":"follow","max-snippet":"max-snippet:-1","max-image-preview":"max-image-preview:large","max-video-preview":"max-video-preview:-1"},"canonical":"https:\/\/drmthriftstore.org\/es\/playground\/","og_locale":"es_MX","og_type":"article","og_title":"Playground - Rescue Missions Ministries Thrift Store","og_description":"Ready to Schedule a Pick-up? We pick up in Raleigh, Durham, Cary, Chapel Hill, Hillsborough, and other parts of the Triangle. Note: Unfortunately, due to the rising cost of fuel and associated costs to our ministry, our transportation department is not able to make trips for small or yard sale items. Donations must contain at [&hellip;]","og_url":"https:\/\/drmthriftstore.org\/es\/playground\/","og_site_name":"Rescue Missions Ministries Thrift Store","article_modified_time":"2025-07-04T20:27:34+00:00","twitter_card":"summary_large_image","twitter_misc":{"Tiempo de lectura":"1 minuto"},"schema":{"@context":"https:\/\/schema.org","@graph":[{"@type":"WebPage","@id":"https:\/\/drmthriftstore.org\/playground\/","url":"https:\/\/drmthriftstore.org\/playground\/","name":"Playground - Rescue Missions Ministries Thrift Store","isPartOf":{"@id":"https:\/\/drmthriftstore.org\/#website"},"datePublished":"2020-05-19T19:05:58+00:00","dateModified":"2025-07-04T20:27:34+00:00","breadcrumb":{"@id":"https:\/\/drmthriftstore.org\/playground\/#breadcrumb"},"inLanguage":"es","potentialAction":[{"@type":"ReadAction","target":["https:\/\/drmthriftstore.org\/playground\/"]}]},{"@type":"BreadcrumbList","@id":"https:\/\/drmthriftstore.org\/playground\/#breadcrumb","itemListElement":[{"@type":"ListItem","position":1,"name":"Home","item":"https:\/\/drmthriftstore.org\/"},{"@type":"ListItem","position":2,"name":"Playground"}]},{"@type":"WebSite","@id":"https:\/\/drmthriftstore.org\/#website","url":"https:\/\/drmthriftstore.org\/","name":"Rescue Missions Ministries Thrift Store","description":"Thrift Stores in Durham, Raleigh, Wake Forest, Chapel Hill","potentialAction":[{"@type":"SearchAction","target":{"@type":"EntryPoint","urlTemplate":"https:\/\/drmthriftstore.org\/?s={search_term_string}"},"query-input":{"@type":"PropertyValueSpecification","valueRequired":true,"valueName":"search_term_string"}}],"inLanguage":"es"}]}},"_links":{"self":[{"href":"https:\/\/drmthriftstore.org\/es\/wp-json\/wp\/v2\/pages\/720","targetHints":{"allow":["GET"]}}],"collection":[{"href":"https:\/\/drmthriftstore.org\/es\/wp-json\/wp\/v2\/pages"}],"about":[{"href":"https:\/\/drmthriftstore.org\/es\/wp-json\/wp\/v2\/types\/page"}],"author":[{"embeddable":true,"href":"https:\/\/drmthriftstore.org\/es\/wp-json\/wp\/v2\/users\/4"}],"replies":[{"embeddable":true,"href":"https:\/\/drmthriftstore.org\/es\/wp-json\/wp\/v2\/comments?post=720"}],"version-history":[{"count":3,"href":"https:\/\/drmthriftstore.org\/es\/wp-json\/wp\/v2\/pages\/720\/revisions"}],"predecessor-version":[{"id":3984,"href":"https:\/\/drmthriftstore.org\/es\/wp-json\/wp\/v2\/pages\/720\/revisions\/3984"}],"wp:attachment":[{"href":"https:\/\/drmthriftstore.org\/es\/wp-json\/wp\/v2\/media?parent=720"}],"curies":[{"name":"wp","href":"https:\/\/api.w.org\/{rel}","templated":true}]}}